{"id":1023,"date":"2022-03-01T16:00:16","date_gmt":"2022-03-01T15:00:16","guid":{"rendered":"https:\/\/robotextile.com\/entreprise\/"},"modified":"2023-03-24T13:00:02","modified_gmt":"2023-03-24T12:00:02","slug":"entreprise","status":"publish","type":"page","link":"https:\/\/robotextile.com\/fr\/entreprise\/","title":{"rendered":"Entreprise"},"content":{"rendered":"<p>[et_pb_section fb_built=\u00a0\u00bb1&Prime; _builder_version=\u00a0\u00bb4.16&Prime; _module_preset=\u00a0\u00bbdefault\u00a0\u00bb background_color=\u00a0\u00bb#FFFFFF\u00a0\u00bb custom_padding=\u00a0\u00bb53px||53px|||\u00a0\u00bb global_colors_info=\u00a0\u00bb{}\u00a0\u00bb][et_pb_row _builder_version=\u00a0\u00bb4.16&Prime; _module_preset=\u00a0\u00bbdefault\u00a0\u00bb custom_padding=\u00a0\u00bb||3px|||\u00a0\u00bb global_colors_info=\u00a0\u00bb{}\u00a0\u00bb][et_pb_column type=\u00a0\u00bb4_4&Prime; _builder_version=\u00a0\u00bb4.16&Prime; _module_preset=\u00a0\u00bbdefault\u00a0\u00bb global_colors_info=\u00a0\u00bb{}\u00a0\u00bb][et_pb_text _builder_version=\u00a0\u00bb4.17.3&Prime; text_font=\u00a0\u00bb||||||||\u00a0\u00bb text_text_color=\u00a0\u00bb#000000&Prime; text_font_size=\u00a0\u00bb20px\u00a0\u00bb text_line_height=\u00a0\u00bb1.8em\u00a0\u00bb header_font=\u00a0\u00bbBitter||||||||\u00a0\u00bb header_font_size=\u00a0\u00bb48px\u00a0\u00bb header_line_height=\u00a0\u00bb1.3em\u00a0\u00bb custom_margin=\u00a0\u00bb||||false|false\u00a0\u00bb text_font_size_tablet=\u00a0\u00bb\u00a0\u00bb text_font_size_phone=\u00a0\u00bb14px\u00a0\u00bb text_font_size_last_edited=\u00a0\u00bbon|desktop\u00a0\u00bb header_font_size_tablet=\u00a0\u00bb42px\u00a0\u00bb header_font_size_phone=\u00a0\u00bb32px\u00a0\u00bb header_font_size_last_edited=\u00a0\u00bbon|phone\u00a0\u00bb global_colors_info=\u00a0\u00bb{}\u00a0\u00bb]<\/p>\n<h1><em><span style=\"color: #0079c1;\">robotextile<\/span><\/em><br \/>Profil de l&rsquo;entreprise<\/h1>\n<p><em>robotextile<\/em> est une start-up robotique agile qui s&rsquo;engage \u00e0 fournir \u00e0 l&rsquo;industrie textile de nouveaux d\u00e9veloppements fonctionnels pour la s\u00e9paration d&rsquo;une grande vari\u00e9t\u00e9 de lais de tissu. Avec des solutions compl\u00e8tes brevet\u00e9es et nouvellement test\u00e9es, robotextile s&rsquo;attaque de mani\u00e8re professionnelle \u00e0 la question de l&rsquo;automatisation des processus auxiliaires dans l&rsquo;industrie textile qui \u00e9taient auparavant effectu\u00e9s manuellement.<\/p>\n<p>Fond\u00e9e en 2022, l&rsquo;\u00e9quipe de <em>robotextile<\/em> dispose d&rsquo;une grande exp\u00e9rience dans le domaine de la robotique. Elle propose des solutions pr\u00eates \u00e0 l&#8217;emploi qui utilisent de petits robots et des pinces sp\u00e9ciales pour retirer les diff\u00e9rents lais de tissu de la pile de produits coup\u00e9s. Chaque pi\u00e8ce de tissu est achemin\u00e9e individuellement vers l&rsquo;\u00e9tape de production suivante.<\/p>\n<p>Jusqu&rsquo;\u00e0 pr\u00e9sent, il n&rsquo;existait gu\u00e8re de solutions comparables pour cette t\u00e2che, car elles ne parvenaient souvent pas \u00e0 atteindre une maturit\u00e9 et une rentabilit\u00e9 s\u00fbres pour le processus.<\/p>\n<p>[\/et_pb_text][\/et_pb_column][\/et_pb_row][\/et_pb_section][et_pb_section fb_built=\u00a0\u00bb1&Prime; _builder_version=\u00a0\u00bb4.17.0&Prime; _module_preset=\u00a0\u00bbdefault\u00a0\u00bb custom_padding=\u00a0\u00bb0px||1px|||\u00a0\u00bb global_colors_info=\u00a0\u00bb{}\u00a0\u00bb][et_pb_row _builder_version=\u00a0\u00bb4.17.0&Prime; _module_preset=\u00a0\u00bbdefault\u00a0\u00bb global_colors_info=\u00a0\u00bb{}\u00a0\u00bb][et_pb_column type=\u00a0\u00bb4_4&Prime; _builder_version=\u00a0\u00bb4.17.0&Prime; _module_preset=\u00a0\u00bbdefault\u00a0\u00bb global_colors_info=\u00a0\u00bb{}\u00a0\u00bb][et_pb_image src=\u00a0\u00bbhttps:\/\/robotextile.com\/wp-content\/uploads\/2022\/04\/robotextile-gruender-1.jpeg\u00a0\u00bb alt=\u00a0\u00bbMichael Fraede et Michael M\u00fcller, fondateurs et g\u00e9rants de robotextile, ont compris comment mettre leur exp\u00e9rience dans le domaine des syst\u00e8mes et solutions au service de ce d\u00e9fi\u00a0\u00bb title_text=\u00a0\u00bbrobotextile-gruender\u00a0\u00bb _builder_version=\u00a0\u00bb4.17.3&Prime; _module_preset=\u00a0\u00bbdefault\u00a0\u00bb global_colors_info=\u00a0\u00bb{}\u00a0\u00bb][\/et_pb_image][et_pb_text _builder_version=\u00a0\u00bb4.17.0&Prime; _module_preset=\u00a0\u00bbdefault\u00a0\u00bb global_colors_info=\u00a0\u00bb{}\u00a0\u00bb]<\/p>\n<p>Michael Fraede et Michael M\u00fcller, fondateurs et g\u00e9rants de robotextile, ont compris comment mettre leur exp\u00e9rience dans le domaine des syst\u00e8mes et solutions au service de ce d\u00e9fi<\/p>\n<p>[\/et_pb_text][\/et_pb_column][\/et_pb_row][\/et_pb_section][et_pb_section fb_built=\u00a0\u00bb1&Prime; _builder_version=\u00a0\u00bb4.16&Prime; _module_preset=\u00a0\u00bbdefault\u00a0\u00bb background_color=\u00a0\u00bb#FFFFFF\u00a0\u00bb custom_padding=\u00a0\u00bb0px||53px|||\u00a0\u00bb global_colors_info=\u00a0\u00bb{}\u00a0\u00bb][et_pb_row _builder_version=\u00a0\u00bb4.16&Prime; _module_preset=\u00a0\u00bbdefault\u00a0\u00bb custom_padding=\u00a0\u00bb||3px|||\u00a0\u00bb global_colors_info=\u00a0\u00bb{}\u00a0\u00bb][et_pb_column type=\u00a0\u00bb4_4&Prime; _builder_version=\u00a0\u00bb4.16&Prime; _module_preset=\u00a0\u00bbdefault\u00a0\u00bb global_colors_info=\u00a0\u00bb{}\u00a0\u00bb][et_pb_text _builder_version=\u00a0\u00bb4.16&Prime; text_font=\u00a0\u00bb||||||||\u00a0\u00bb text_text_color=\u00a0\u00bb#000000&Prime; text_font_size=\u00a0\u00bb20px\u00a0\u00bb text_line_height=\u00a0\u00bb1.8em\u00a0\u00bb header_font=\u00a0\u00bbBitter||||||||\u00a0\u00bb header_font_size=\u00a0\u00bb48px\u00a0\u00bb header_line_height=\u00a0\u00bb1.3em\u00a0\u00bb custom_margin=\u00a0\u00bb||||false|false\u00a0\u00bb text_font_size_tablet=\u00a0\u00bb\u00a0\u00bb text_font_size_phone=\u00a0\u00bb14px\u00a0\u00bb text_font_size_last_edited=\u00a0\u00bbon|desktop\u00a0\u00bb header_font_size_tablet=\u00a0\u00bb42px\u00a0\u00bb header_font_size_phone=\u00a0\u00bb32px\u00a0\u00bb header_font_size_last_edited=\u00a0\u00bbon|phone\u00a0\u00bb global_colors_info=\u00a0\u00bb{}\u00a0\u00bb]<\/p>\n<p>Michael Fraede et Michael M\u00fcller, fondateurs et g\u00e9rants de <em>robotextile<\/em>, ont compris comment mettre leur exp\u00e9rience dans le domaine des syst\u00e8mes et solutions au service de ce d\u00e9fi. <em>robotextile<\/em> est un fournisseur de services syst\u00e8me pour des cellules robotis\u00e9es pr\u00eates \u00e0 l&#8217;emploi :<\/p>\n<ul>\n<li style=\"text-align: left;\">Les fabricants de machines textiles (machines \u00e0 coudre, tables de coupe, machines \u00e0 repasser, machines de thermocollage, impression, etc.<\/li>\n<li>Les producteurs de textiles pour le pr\u00eat-\u00e0-porter (v\u00eatements, chaussures, sacs), les textiles m\u00e9dicaux, les textiles automobiles et les textiles industriels.<\/li>\n<\/ul>\n<p>L&rsquo;\u00e9quipe de <em>robotextile<\/em> entretient des \u00e9changes r\u00e9guliers et coop\u00e9ratifs avec des universit\u00e9s et des associations qui inspirent et accompagnent leurs membres textiles vers les nouvelles technologies. La distribution et l\u2019installation est assur\u00e9e en France par la Soci\u00e9t\u00e9 <a href=\"https:\/\/www.sotravi-mercier.fr\/\" target=\"_blank\" rel=\"noopener\">Sotravi-Mercier<\/a> \u00e0 Sarts et Rois\u00e8res<\/p>\n<p>[\/et_pb_text][\/et_pb_column][\/et_pb_row][\/et_pb_section][et_pb_section fb_built=\u00a0\u00bb1&Prime; admin_label=\u00a0\u00bbGallery\u00a0\u00bb _builder_version=\u00a0\u00bb4.17.0&Prime; background_enable_image=\u00a0\u00bboff\u00a0\u00bb background_size=\u00a0\u00bbinitial\u00a0\u00bb background_last_edited=\u00a0\u00bbon|desktop\u00a0\u00bb background_position_tablet=\u00a0\u00bbtop_center\u00a0\u00bb global_colors_info=\u00a0\u00bb{}\u00a0\u00bb][et_pb_row column_structure=\u00a0\u00bb1_2,1_2&Prime; custom_padding_last_edited=\u00a0\u00bbon|desktop\u00a0\u00bb _builder_version=\u00a0\u00bb4.16&Prime; background_color=\u00a0\u00bb#ffffff\u00a0\u00bb custom_margin=\u00a0\u00bb|||||false\u00a0\u00bb custom_padding=\u00a0\u00bb100px|48px|100px|48px|true|true\u00a0\u00bb custom_padding_tablet=\u00a0\u00bb\u00a0\u00bb custom_padding_phone=\u00a0\u00bb|30px||30px||true\u00a0\u00bb box_shadow_style=\u00a0\u00bbpreset1&Prime; box_shadow_vertical=\u00a0\u00bb24px\u00a0\u00bb box_shadow_blur=\u00a0\u00bb100px\u00a0\u00bb box_shadow_spread=\u00a0\u00bb-30px\u00a0\u00bb box_shadow_color=\u00a0\u00bbrgba(0,0,0,0.24)\u00a0\u00bb locked=\u00a0\u00bboff\u00a0\u00bb global_colors_info=\u00a0\u00bb{}\u00a0\u00bb][et_pb_column type=\u00a0\u00bb1_2&Prime; _builder_version=\u00a0\u00bb4.16&Prime; custom_padding=\u00a0\u00bb|||\u00a0\u00bb global_colors_info=\u00a0\u00bb{}\u00a0\u00bb custom_padding__hover=\u00a0\u00bb|||\u00a0\u00bb][et_pb_blurb title=\u00a0\u00bbVision\u00a0\u00bb use_icon=\u00a0\u00bbon\u00a0\u00bb font_icon=\u00a0\u00bb&#xe01c;||divi||400&Prime; _builder_version=\u00a0\u00bb4.17.3&Prime; header_font=\u00a0\u00bbBitter|700|||||||\u00a0\u00bb header_text_color=\u00a0\u00bb#0079c1&Prime; header_font_size=\u00a0\u00bb20px\u00a0\u00bb header_line_height=\u00a0\u00bb1.8em\u00a0\u00bb body_font=\u00a0\u00bb||||||||\u00a0\u00bb body_text_color=\u00a0\u00bb#000000&Prime; body_font_size=\u00a0\u00bb20px\u00a0\u00bb body_line_height=\u00a0\u00bb1.8em\u00a0\u00bb text_orientation=\u00a0\u00bbcenter\u00a0\u00bb body_font_size_tablet=\u00a0\u00bb\u00a0\u00bb body_font_size_phone=\u00a0\u00bb14px\u00a0\u00bb body_font_size_last_edited=\u00a0\u00bbon|desktop\u00a0\u00bb locked=\u00a0\u00bboff\u00a0\u00bb global_colors_info=\u00a0\u00bb{}\u00a0\u00bb]<\/p>\n<p><strong><em>robotextile<\/em> contribue \u00e0 rendre la production textile en Europe plus \u00e9conomique. La relocalisation est b\u00e9n\u00e9fique pour l&rsquo;environnement, pr\u00e9vient les surcapacit\u00e9s, renforce l&rsquo;\u00e9conomie locale gr\u00e2ce \u00e0 la production et \u00e0 l&#8217;emploi, et se d\u00e9roule dans des conditions \u00e9thiques \u00e9quitables.<\/strong><\/p>\n<p>[\/et_pb_blurb][\/et_pb_column][et_pb_column type=\u00a0\u00bb1_2&Prime; _builder_version=\u00a0\u00bb4.16&Prime; custom_padding=\u00a0\u00bb|||\u00a0\u00bb global_colors_info=\u00a0\u00bb{}\u00a0\u00bb custom_padding__hover=\u00a0\u00bb|||\u00a0\u00bb][et_pb_blurb title=\u00a0\u00bbMission\u00a0\u00bb use_icon=\u00a0\u00bbon\u00a0\u00bb font_icon=\u00a0\u00bb&#xe0f0;||divi||400&Prime; _builder_version=\u00a0\u00bb4.17.3&Prime; header_font=\u00a0\u00bbBitter|700|||||||\u00a0\u00bb header_text_color=\u00a0\u00bb#0079c1&Prime; header_font_size=\u00a0\u00bb20px\u00a0\u00bb header_line_height=\u00a0\u00bb1.8em\u00a0\u00bb body_font=\u00a0\u00bb||||||||\u00a0\u00bb body_text_color=\u00a0\u00bb#000000&Prime; body_font_size=\u00a0\u00bb20px\u00a0\u00bb body_line_height=\u00a0\u00bb1.8em\u00a0\u00bb text_orientation=\u00a0\u00bbcenter\u00a0\u00bb body_font_size_tablet=\u00a0\u00bb\u00a0\u00bb body_font_size_phone=\u00a0\u00bb14px\u00a0\u00bb body_font_size_last_edited=\u00a0\u00bbon|desktop\u00a0\u00bb global_colors_info=\u00a0\u00bb{}\u00a0\u00bb]<\/p>\n<p><strong><em>robotextile<\/em> aide \u00e0 automatiser les processus secondaires de mani\u00e8re \u00e9conomique et robuste.<br \/>Les gens devraient se tourner davantage vers les \u00e9tapes de production \u00e0 valeur ajout\u00e9e, o\u00f9 ils peuvent montrer leur force de flexibilit\u00e9 et leur capacit\u00e9 d&rsquo;apprentissage dans le processus.<br \/><\/strong><\/p>\n<p>[\/et_pb_blurb][\/et_pb_column][\/et_pb_row][\/et_pb_section][et_pb_section fb_built=\u00a0\u00bb1&Prime; fullwidth=\u00a0\u00bbon\u00a0\u00bb admin_label=\u00a0\u00bbFooter\u00a0\u00bb _builder_version=\u00a0\u00bb4.16&Prime; width=\u00a0\u00bb90vw\u00a0\u00bb width_tablet=\u00a0\u00bb100%\u00a0\u00bb width_phone=\u00a0\u00bb\u00a0\u00bb width_last_edited=\u00a0\u00bbon|desktop\u00a0\u00bb module_alignment=\u00a0\u00bbright\u00a0\u00bb locked=\u00a0\u00bboff\u00a0\u00bb global_colors_info=\u00a0\u00bb{}\u00a0\u00bb][et_pb_fullwidth_header title=\u00a0\u00bbNous contacter\u00a0\u00bb text_orientation=\u00a0\u00bbcenter\u00a0\u00bb button_one_text=\u00a0\u00bbContact\u00a0\u00bb button_one_url=\u00a0\u00bbhttps:\/\/robotextile.com\/kontakt\/\u00a0\u00bb _builder_version=\u00a0\u00bb4.17.0&Prime; title_font=\u00a0\u00bbBitter||||||||\u00a0\u00bb title_font_size=\u00a0\u00bb42px\u00a0\u00bb title_line_height=\u00a0\u00bb1.2em\u00a0\u00bb content_font=\u00a0\u00bb||||||||\u00a0\u00bb content_font_size=\u00a0\u00bb18px\u00a0\u00bb content_line_height=\u00a0\u00bb1.8em\u00a0\u00bb custom_button_one=\u00a0\u00bbon\u00a0\u00bb button_one_text_size=\u00a0\u00bb14px\u00a0\u00bb button_one_text_color=\u00a0\u00bb#2a2a2a\u00a0\u00bb button_one_bg_color=\u00a0\u00bb#ffffff\u00a0\u00bb button_one_border_color=\u00a0\u00bbrgba(0,0,0,0)\u00a0\u00bb button_one_border_radius=\u00a0\u00bb100px\u00a0\u00bb button_one_letter_spacing=\u00a0\u00bb2px\u00a0\u00bb button_one_font=\u00a0\u00bbRaleway|700||on|||||\u00a0\u00bb button_one_icon=\u00a0\u00bb&#x24;||divi||400&Prime; button_one_custom_padding=\u00a0\u00bb15px|40px|15px|40px|true|true\u00a0\u00bb custom_button_two=\u00a0\u00bbon\u00a0\u00bb button_two_text_size=\u00a0\u00bb14px\u00a0\u00bb button_two_text_color=\u00a0\u00bb#ffffff\u00a0\u00bb button_two_bg_color=\u00a0\u00bbrgba(255,255,255,0)\u00a0\u00bb button_two_border_color=\u00a0\u00bb#ffffff\u00a0\u00bb button_two_border_radius=\u00a0\u00bb100px\u00a0\u00bb button_two_letter_spacing=\u00a0\u00bb2px\u00a0\u00bb button_two_font=\u00a0\u00bbRaleway|700||on|||||\u00a0\u00bb button_two_icon=\u00a0\u00bb&#x24;||divi||400&Prime; button_two_custom_padding=\u00a0\u00bb15px|40px|15px|40px|true|true\u00a0\u00bb custom_padding=\u00a0\u00bb7vw|10vw|7vw||true|\u00a0\u00bb custom_padding_tablet=\u00a0\u00bb|0vw||\u00a0\u00bb custom_padding_phone=\u00a0\u00bb\u00a0\u00bb custom_padding_last_edited=\u00a0\u00bbon|desktop\u00a0\u00bb title_font_size_tablet=\u00a0\u00bb32px\u00a0\u00bb title_font_size_phone=\u00a0\u00bb26px\u00a0\u00bb title_font_size_last_edited=\u00a0\u00bbon|phone\u00a0\u00bb content_font_size_tablet=\u00a0\u00bb\u00a0\u00bb content_font_size_phone=\u00a0\u00bb14px\u00a0\u00bb content_font_size_last_edited=\u00a0\u00bbon|desktop\u00a0\u00bb custom_css_header_container=\u00a0\u00bbwidth: 100%;\u00a0\u00bb global_colors_info=\u00a0\u00bb{}\u00a0\u00bb]<\/p>\n<p>L&rsquo;\u00e9quipe de <em>robotextile<\/em> se r\u00e9jouit de vos demandes et mettra en oeuvre tout son savoir-faire pour r\u00e9pondre \u00e0 votre besoin !<\/p>\n<p>[\/et_pb_fullwidth_header][\/et_pb_section]<\/p>\n","protected":false},"excerpt":{"rendered":"<p>robotextileProfil de l&rsquo;entreprise robotextile est une start-up robotique agile qui s&rsquo;engage \u00e0 fournir \u00e0 l&rsquo;industrie textile de nouveaux d\u00e9veloppements fonctionnels pour la s\u00e9paration d&rsquo;une grande vari\u00e9t\u00e9 de lais de tissu. Avec des solutions compl\u00e8tes brevet\u00e9es et nouvellement test\u00e9es, robotextile s&rsquo;attaque de mani\u00e8re professionnelle \u00e0 la question de l&rsquo;automatisation des processus auxiliaires dans l&rsquo;industrie textile qui [&hellip;]<\/p>\n","protected":false},"author":1,"featured_media":0,"parent":0,"menu_order":0,"comment_status":"closed","ping_status":"open","template":"","meta":{"_et_pb_use_builder":"on","_et_pb_old_content":"","_et_gb_content_width":"","footnotes":""},"class_list":["post-1023","page","type-page","status-publish","hentry"],"yoast_head":"<!-- This site is optimized with the Yoast SEO plugin v27.4 - https:\/\/yoast.com\/product\/yoast-seo-wordpress\/ -->\n<title>Entreprise - Robotextile<\/title>\n<meta name=\"robots\" content=\"index, follow, max-snippet:-1, max-image-preview:large, max-video-preview:-1\" \/>\n<link rel=\"canonical\" href=\"https:\/\/robotextile.com\/unternehmensprofil\/\" \/>\n<meta property=\"og:locale\" content=\"fr_FR\" \/>\n<meta property=\"og:type\" content=\"article\" \/>\n<meta property=\"og:title\" content=\"Entreprise - Robotextile\" \/>\n<meta property=\"og:description\" content=\"robotextileProfil de l&#039;entreprise robotextile est une start-up robotique agile qui s&#039;engage \u00e0 fournir \u00e0 l&#039;industrie textile de nouveaux d\u00e9veloppements fonctionnels pour la s\u00e9paration d&#039;une grande vari\u00e9t\u00e9 de lais de tissu. Avec des solutions compl\u00e8tes brevet\u00e9es et nouvellement test\u00e9es, robotextile s&#039;attaque de mani\u00e8re professionnelle \u00e0 la question de l&#039;automatisation des processus auxiliaires dans l&#039;industrie textile qui [&hellip;]\" \/>\n<meta property=\"og:url\" content=\"https:\/\/robotextile.com\/unternehmensprofil\/\" \/>\n<meta property=\"og:site_name\" content=\"Robotextile\" \/>\n<meta property=\"article:modified_time\" content=\"2023-03-24T12:00:02+00:00\" \/>\n<meta name=\"twitter:card\" content=\"summary_large_image\" \/>\n<meta name=\"twitter:label1\" content=\"Dur\u00e9e de lecture estim\u00e9e\" \/>\n\t<meta name=\"twitter:data1\" content=\"7 minutes\" \/>\n<script type=\"application\/ld+json\" class=\"yoast-schema-graph\">{\"@context\":\"https:\\\/\\\/schema.org\",\"@graph\":[{\"@type\":\"WebPage\",\"@id\":\"https:\\\/\\\/robotextile.com\\\/unternehmensprofil\\\/\",\"url\":\"https:\\\/\\\/robotextile.com\\\/unternehmensprofil\\\/\",\"name\":\"Entreprise - Robotextile\",\"isPartOf\":{\"@id\":\"https:\\\/\\\/robotextile.com\\\/#website\"},\"datePublished\":\"2022-03-01T15:00:16+00:00\",\"dateModified\":\"2023-03-24T12:00:02+00:00\",\"breadcrumb\":{\"@id\":\"https:\\\/\\\/robotextile.com\\\/unternehmensprofil\\\/#breadcrumb\"},\"inLanguage\":\"fr-FR\",\"potentialAction\":[{\"@type\":\"ReadAction\",\"target\":[\"https:\\\/\\\/robotextile.com\\\/unternehmensprofil\\\/\"]}]},{\"@type\":\"BreadcrumbList\",\"@id\":\"https:\\\/\\\/robotextile.com\\\/unternehmensprofil\\\/#breadcrumb\",\"itemListElement\":[{\"@type\":\"ListItem\",\"position\":1,\"name\":\"Startseite\",\"item\":\"https:\\\/\\\/robotextile.com\\\/\"},{\"@type\":\"ListItem\",\"position\":2,\"name\":\"Entreprise\"}]},{\"@type\":\"WebSite\",\"@id\":\"https:\\\/\\\/robotextile.com\\\/#website\",\"url\":\"https:\\\/\\\/robotextile.com\\\/\",\"name\":\"Robotextile\",\"description\":\"Textilroboter\",\"publisher\":{\"@id\":\"https:\\\/\\\/robotextile.com\\\/#organization\"},\"potentialAction\":[{\"@type\":\"SearchAction\",\"target\":{\"@type\":\"EntryPoint\",\"urlTemplate\":\"https:\\\/\\\/robotextile.com\\\/?s={search_term_string}\"},\"query-input\":{\"@type\":\"PropertyValueSpecification\",\"valueRequired\":true,\"valueName\":\"search_term_string\"}}],\"inLanguage\":\"fr-FR\"},{\"@type\":\"Organization\",\"@id\":\"https:\\\/\\\/robotextile.com\\\/#organization\",\"name\":\"Robotextile GmbH\",\"url\":\"https:\\\/\\\/robotextile.com\\\/\",\"logo\":{\"@type\":\"ImageObject\",\"inLanguage\":\"fr-FR\",\"@id\":\"https:\\\/\\\/robotextile.com\\\/#\\\/schema\\\/logo\\\/image\\\/\",\"url\":\"https:\\\/\\\/robotextile.com\\\/wp-content\\\/uploads\\\/2022\\\/06\\\/robotextile-logo.png\",\"contentUrl\":\"https:\\\/\\\/robotextile.com\\\/wp-content\\\/uploads\\\/2022\\\/06\\\/robotextile-logo.png\",\"width\":1048,\"height\":212,\"caption\":\"Robotextile GmbH\"},\"image\":{\"@id\":\"https:\\\/\\\/robotextile.com\\\/#\\\/schema\\\/logo\\\/image\\\/\"}}]}<\/script>\n<!-- \/ Yoast SEO plugin. -->","yoast_head_json":{"title":"Entreprise - Robotextile","robots":{"index":"index","follow":"follow","max-snippet":"max-snippet:-1","max-image-preview":"max-image-preview:large","max-video-preview":"max-video-preview:-1"},"canonical":"https:\/\/robotextile.com\/unternehmensprofil\/","og_locale":"fr_FR","og_type":"article","og_title":"Entreprise - Robotextile","og_description":"robotextileProfil de l'entreprise robotextile est une start-up robotique agile qui s'engage \u00e0 fournir \u00e0 l'industrie textile de nouveaux d\u00e9veloppements fonctionnels pour la s\u00e9paration d'une grande vari\u00e9t\u00e9 de lais de tissu. Avec des solutions compl\u00e8tes brevet\u00e9es et nouvellement test\u00e9es, robotextile s'attaque de mani\u00e8re professionnelle \u00e0 la question de l'automatisation des processus auxiliaires dans l'industrie textile qui [&hellip;]","og_url":"https:\/\/robotextile.com\/unternehmensprofil\/","og_site_name":"Robotextile","article_modified_time":"2023-03-24T12:00:02+00:00","twitter_card":"summary_large_image","twitter_misc":{"Dur\u00e9e de lecture estim\u00e9e":"7 minutes"},"schema":{"@context":"https:\/\/schema.org","@graph":[{"@type":"WebPage","@id":"https:\/\/robotextile.com\/unternehmensprofil\/","url":"https:\/\/robotextile.com\/unternehmensprofil\/","name":"Entreprise - Robotextile","isPartOf":{"@id":"https:\/\/robotextile.com\/#website"},"datePublished":"2022-03-01T15:00:16+00:00","dateModified":"2023-03-24T12:00:02+00:00","breadcrumb":{"@id":"https:\/\/robotextile.com\/unternehmensprofil\/#breadcrumb"},"inLanguage":"fr-FR","potentialAction":[{"@type":"ReadAction","target":["https:\/\/robotextile.com\/unternehmensprofil\/"]}]},{"@type":"BreadcrumbList","@id":"https:\/\/robotextile.com\/unternehmensprofil\/#breadcrumb","itemListElement":[{"@type":"ListItem","position":1,"name":"Startseite","item":"https:\/\/robotextile.com\/"},{"@type":"ListItem","position":2,"name":"Entreprise"}]},{"@type":"WebSite","@id":"https:\/\/robotextile.com\/#website","url":"https:\/\/robotextile.com\/","name":"Robotextile","description":"Textilroboter","publisher":{"@id":"https:\/\/robotextile.com\/#organization"},"potentialAction":[{"@type":"SearchAction","target":{"@type":"EntryPoint","urlTemplate":"https:\/\/robotextile.com\/?s={search_term_string}"},"query-input":{"@type":"PropertyValueSpecification","valueRequired":true,"valueName":"search_term_string"}}],"inLanguage":"fr-FR"},{"@type":"Organization","@id":"https:\/\/robotextile.com\/#organization","name":"Robotextile GmbH","url":"https:\/\/robotextile.com\/","logo":{"@type":"ImageObject","inLanguage":"fr-FR","@id":"https:\/\/robotextile.com\/#\/schema\/logo\/image\/","url":"https:\/\/robotextile.com\/wp-content\/uploads\/2022\/06\/robotextile-logo.png","contentUrl":"https:\/\/robotextile.com\/wp-content\/uploads\/2022\/06\/robotextile-logo.png","width":1048,"height":212,"caption":"Robotextile GmbH"},"image":{"@id":"https:\/\/robotextile.com\/#\/schema\/logo\/image\/"}}]}},"_links":{"self":[{"href":"https:\/\/robotextile.com\/fr\/wp-json\/wp\/v2\/pages\/1023","targetHints":{"allow":["GET"]}}],"collection":[{"href":"https:\/\/robotextile.com\/fr\/wp-json\/wp\/v2\/pages"}],"about":[{"href":"https:\/\/robotextile.com\/fr\/wp-json\/wp\/v2\/types\/page"}],"author":[{"embeddable":true,"href":"https:\/\/robotextile.com\/fr\/wp-json\/wp\/v2\/users\/1"}],"replies":[{"embeddable":true,"href":"https:\/\/robotextile.com\/fr\/wp-json\/wp\/v2\/comments?post=1023"}],"version-history":[{"count":2,"href":"https:\/\/robotextile.com\/fr\/wp-json\/wp\/v2\/pages\/1023\/revisions"}],"predecessor-version":[{"id":1025,"href":"https:\/\/robotextile.com\/fr\/wp-json\/wp\/v2\/pages\/1023\/revisions\/1025"}],"wp:attachment":[{"href":"https:\/\/robotextile.com\/fr\/wp-json\/wp\/v2\/media?parent=1023"}],"curies":[{"name":"wp","href":"https:\/\/api.w.org\/{rel}","templated":true}]}}