{"id":1457,"date":"2025-09-03T17:46:50","date_gmt":"2025-09-03T15:46:50","guid":{"rendered":"https:\/\/robotextile.com\/?page_id=1457"},"modified":"2025-09-12T11:50:19","modified_gmt":"2025-09-12T09:50:19","slug":"rtx-airstream-aga","status":"publish","type":"page","link":"https:\/\/robotextile.com\/fr\/rtx-airstream-aga\/","title":{"rendered":"RTX Airstream AGA"},"content":{"rendered":"<p>[et_pb_section fb_built=\u00a0\u00bb1&Prime; admin_label=\u00a0\u00bbHeader\u00a0\u00bb _builder_version=\u00a0\u00bb4.17.0&Prime; background_enable_color=\u00a0\u00bboff\u00a0\u00bb background_color_gradient_direction=\u00a0\u00bb90deg\u00a0\u00bb background_color_gradient_start=\u00a0\u00bb#f7f7f7&Prime; background_color_gradient_end=\u00a0\u00bb#ffffff\u00a0\u00bb custom_margin=\u00a0\u00bb|||||\u00a0\u00bb custom_padding=\u00a0\u00bb||0px|||\u00a0\u00bb background_last_edited=\u00a0\u00bbon|desktop\u00a0\u00bb use_background_color_gradient_tablet=\u00a0\u00bboff\u00a0\u00bb locked=\u00a0\u00bboff\u00a0\u00bb global_colors_info=\u00a0\u00bb{}\u00a0\u00bb][et_pb_row column_structure=\u00a0\u00bb1_2,1_2&Prime; custom_padding_last_edited=\u00a0\u00bbon|phone\u00a0\u00bb padding_left_right_link_1=\u00a0\u00bbfalse\u00a0\u00bb _builder_version=\u00a0\u00bb4.16&Prime; background_enable_image=\u00a0\u00bboff\u00a0\u00bb background_size=\u00a0\u00bbinitial\u00a0\u00bb background_position=\u00a0\u00bbtop_left\u00a0\u00bb custom_margin=\u00a0\u00bb||\u00a0\u00bb custom_padding=\u00a0\u00bb||0px|20px||\u00a0\u00bb custom_padding_tablet=\u00a0\u00bb\u00a0\u00bb custom_padding_phone=\u00a0\u00bb|||0px\u00a0\u00bb global_colors_info=\u00a0\u00bb{}\u00a0\u00bb][et_pb_column type=\u00a0\u00bb1_2&Prime; _builder_version=\u00a0\u00bb4.16&Prime; background_repeat=\u00a0\u00bbrepeat\u00a0\u00bb custom_padding=\u00a0\u00bb|||\u00a0\u00bb custom_padding_phone=\u00a0\u00bb|||0px\u00a0\u00bb custom_padding_last_edited=\u00a0\u00bboff|phone\u00a0\u00bb global_colors_info=\u00a0\u00bb{}\u00a0\u00bb custom_padding__hover=\u00a0\u00bb|||\u00a0\u00bb][et_pb_text _builder_version=\u00a0\u00bb4.17.3&Prime; text_font=\u00a0\u00bb||||||||\u00a0\u00bb text_text_color=\u00a0\u00bb#000000&Prime; text_font_size=\u00a0\u00bb20px\u00a0\u00bb text_line_height=\u00a0\u00bb1.8em\u00a0\u00bb header_font=\u00a0\u00bbBitter||||||||\u00a0\u00bb header_text_color=\u00a0\u00bb#0079c1&Prime; header_font_size=\u00a0\u00bb48px\u00a0\u00bb header_line_height=\u00a0\u00bb1.3em\u00a0\u00bb custom_margin=\u00a0\u00bb||60px\u00a0\u00bb text_font_size_tablet=\u00a0\u00bb\u00a0\u00bb text_font_size_phone=\u00a0\u00bb14px\u00a0\u00bb text_font_size_last_edited=\u00a0\u00bbon|desktop\u00a0\u00bb header_font_size_tablet=\u00a0\u00bb50px\u00a0\u00bb header_font_size_phone=\u00a0\u00bb30px\u00a0\u00bb header_font_size_last_edited=\u00a0\u00bbon|phone\u00a0\u00bb global_colors_info=\u00a0\u00bb{}\u00a0\u00bb]<\/p>\n<h1><span style=\"color: #0079c1;\"><em>robotextile<\/em><br \/><\/span><span style=\"color: #000000;\">RTX Airstream AGA<\/span><\/h1>\n<p><\/p>\n<p>S\u00e9paration et pr\u00e9hension avec coin \u00e0 courant<\/p>\n<p>[\/et_pb_text][\/et_pb_column][et_pb_column type=\u00a0\u00bb1_2&Prime; _builder_version=\u00a0\u00bb4.16&Prime; custom_padding=\u00a0\u00bb|||\u00a0\u00bb global_colors_info=\u00a0\u00bb{}\u00a0\u00bb custom_padding__hover=\u00a0\u00bb|||\u00a0\u00bb][et_pb_image src=\u00a0\u00bbhttps:\/\/robotextile.com\/wp-content\/uploads\/2025\/09\/rtx-airstream-aga.jpg\u00a0\u00bb title_text=\u00a0\u00bbrtx-airstream-aga\u00a0\u00bb _builder_version=\u00a0\u00bb4.27.4&Prime; _module_preset=\u00a0\u00bbdefault\u00a0\u00bb global_colors_info=\u00a0\u00bb{}\u00a0\u00bb][\/et_pb_image][\/et_pb_column][\/et_pb_row][\/et_pb_section][et_pb_section fb_built=\u00a0\u00bb1&Prime; admin_label=\u00a0\u00bbHeader\u00a0\u00bb _builder_version=\u00a0\u00bb4.17.0&Prime; background_enable_color=\u00a0\u00bboff\u00a0\u00bb background_color_gradient_direction=\u00a0\u00bb90deg\u00a0\u00bb background_color_gradient_start=\u00a0\u00bb#f7f7f7&Prime; background_color_gradient_end=\u00a0\u00bb#ffffff\u00a0\u00bb custom_margin=\u00a0\u00bb|||||\u00a0\u00bb custom_padding=\u00a0\u00bb||0px|||\u00a0\u00bb background_last_edited=\u00a0\u00bbon|desktop\u00a0\u00bb use_background_color_gradient_tablet=\u00a0\u00bboff\u00a0\u00bb locked=\u00a0\u00bboff\u00a0\u00bb global_colors_info=\u00a0\u00bb{}\u00a0\u00bb][et_pb_row column_structure=\u00a0\u00bb1_2,1_2&Prime; custom_padding_last_edited=\u00a0\u00bbon|phone\u00a0\u00bb padding_left_right_link_1=\u00a0\u00bbfalse\u00a0\u00bb _builder_version=\u00a0\u00bb4.16&Prime; background_enable_image=\u00a0\u00bboff\u00a0\u00bb background_size=\u00a0\u00bbinitial\u00a0\u00bb background_position=\u00a0\u00bbtop_left\u00a0\u00bb custom_margin=\u00a0\u00bb||\u00a0\u00bb custom_padding=\u00a0\u00bb||0px|20px||\u00a0\u00bb custom_padding_tablet=\u00a0\u00bb\u00a0\u00bb custom_padding_phone=\u00a0\u00bb|||0px\u00a0\u00bb global_colors_info=\u00a0\u00bb{}\u00a0\u00bb][et_pb_column type=\u00a0\u00bb1_2&Prime; _builder_version=\u00a0\u00bb4.16&Prime; background_repeat=\u00a0\u00bbrepeat\u00a0\u00bb custom_padding=\u00a0\u00bb|||\u00a0\u00bb custom_padding_phone=\u00a0\u00bb|||0px\u00a0\u00bb custom_padding_last_edited=\u00a0\u00bboff|phone\u00a0\u00bb global_colors_info=\u00a0\u00bb{}\u00a0\u00bb custom_padding__hover=\u00a0\u00bb|||\u00a0\u00bb]<\/p>\n<p>[et_pb_video src=\u00a0\u00bbhttps:\/\/www.youtube.com\/watch?v=YXI4SzEDAPE\u00a0\u00bb _builder_version=\u00a0\u00bb4.27.4&Prime; _module_preset=\u00a0\u00bbdefault\u00a0\u00bb hover_enabled=\u00a0\u00bb0&Prime; sticky_enabled=\u00a0\u00bb0&Prime;][\/et_pb_video]<\/p>\n<p>[\/et_pb_column][et_pb_column type=\u00a0\u00bb1_2&Prime; _builder_version=\u00a0\u00bb4.16&Prime; background_repeat=\u00a0\u00bbrepeat\u00a0\u00bb custom_padding=\u00a0\u00bb|||\u00a0\u00bb custom_padding_phone=\u00a0\u00bb|||0px\u00a0\u00bb custom_padding_last_edited=\u00a0\u00bboff|phone\u00a0\u00bb global_colors_info=\u00a0\u00bb{}\u00a0\u00bb custom_padding__hover=\u00a0\u00bb|||\u00a0\u00bb][et_pb_text _builder_version=\u00a0\u00bb4.27.4&Prime; text_font=\u00a0\u00bb||||||||\u00a0\u00bb text_text_color=\u00a0\u00bb#000000&Prime; text_font_size=\u00a0\u00bb20px\u00a0\u00bb text_line_height=\u00a0\u00bb1.8em\u00a0\u00bb header_font=\u00a0\u00bbBitter||||||||\u00a0\u00bb header_text_color=\u00a0\u00bb#0079c1&Prime; header_font_size=\u00a0\u00bb60px\u00a0\u00bb header_line_height=\u00a0\u00bb1.3em\u00a0\u00bb custom_margin=\u00a0\u00bb||60px\u00a0\u00bb text_font_size_tablet=\u00a0\u00bb\u00a0\u00bb text_font_size_phone=\u00a0\u00bb14px\u00a0\u00bb text_font_size_last_edited=\u00a0\u00bbon|desktop\u00a0\u00bb header_font_size_tablet=\u00a0\u00bb50px\u00a0\u00bb header_font_size_phone=\u00a0\u00bb30px\u00a0\u00bb header_font_size_last_edited=\u00a0\u00bbon|phone\u00a0\u00bb global_colors_info=\u00a0\u00bb{}\u00a0\u00bb]<\/p>\n<p>L&rsquo;effet Coanda soul\u00e8ve le coin du tissu en soufflant dessus, puis l&rsquo;aspire \u00e0 l&rsquo;aide de la technique Venturi. Le doigt de serrage emp\u00eache le glissement et permet de d\u00e9sactiver l&rsquo;aspiration. Le capteur v\u00e9rifie chaque prise !<\/p>\n<p>[\/et_pb_text][\/et_pb_column][\/et_pb_row][\/et_pb_section][et_pb_section fb_built=\u00a0\u00bb1&Prime; fullwidth=\u00a0\u00bbon\u00a0\u00bb admin_label=\u00a0\u00bbFooter\u00a0\u00bb _builder_version=\u00a0\u00bb4.16&Prime; width=\u00a0\u00bb90vw\u00a0\u00bb width_tablet=\u00a0\u00bb100%\u00a0\u00bb width_phone=\u00a0\u00bb\u00a0\u00bb width_last_edited=\u00a0\u00bbon|desktop\u00a0\u00bb module_alignment=\u00a0\u00bbright\u00a0\u00bb locked=\u00a0\u00bboff\u00a0\u00bb global_colors_info=\u00a0\u00bb{}\u00a0\u00bb][et_pb_fullwidth_header title=\u00a0\u00bbNous contacter\u00a0\u00bb text_orientation=\u00a0\u00bbcenter\u00a0\u00bb button_one_text=\u00a0\u00bbContact\u00a0\u00bb button_one_url=\u00a0\u00bbhttps:\/\/robotextile.com\/fr\/contact\/\u00a0\u00bb _builder_version=\u00a0\u00bb4.17.0&Prime; title_font=\u00a0\u00bbBitter||||||||\u00a0\u00bb title_font_size=\u00a0\u00bb42px\u00a0\u00bb title_line_height=\u00a0\u00bb1.2em\u00a0\u00bb content_font=\u00a0\u00bb||||||||\u00a0\u00bb content_font_size=\u00a0\u00bb18px\u00a0\u00bb content_line_height=\u00a0\u00bb1.8em\u00a0\u00bb custom_button_one=\u00a0\u00bbon\u00a0\u00bb button_one_text_size=\u00a0\u00bb14px\u00a0\u00bb button_one_text_color=\u00a0\u00bb#2a2a2a\u00a0\u00bb button_one_bg_color=\u00a0\u00bb#ffffff\u00a0\u00bb button_one_border_color=\u00a0\u00bbrgba(0,0,0,0)\u00a0\u00bb button_one_border_radius=\u00a0\u00bb100px\u00a0\u00bb button_one_letter_spacing=\u00a0\u00bb2px\u00a0\u00bb button_one_font=\u00a0\u00bbRaleway|700||on|||||\u00a0\u00bb button_one_icon=\u00a0\u00bb&#x24;||divi||400&Prime; button_one_custom_padding=\u00a0\u00bb15px|40px|15px|40px|true|true\u00a0\u00bb custom_button_two=\u00a0\u00bbon\u00a0\u00bb button_two_text_size=\u00a0\u00bb14px\u00a0\u00bb button_two_text_color=\u00a0\u00bb#ffffff\u00a0\u00bb button_two_bg_color=\u00a0\u00bbrgba(255,255,255,0)\u00a0\u00bb button_two_border_color=\u00a0\u00bb#ffffff\u00a0\u00bb button_two_border_radius=\u00a0\u00bb100px\u00a0\u00bb button_two_letter_spacing=\u00a0\u00bb2px\u00a0\u00bb button_two_font=\u00a0\u00bbRaleway|700||on|||||\u00a0\u00bb button_two_icon=\u00a0\u00bb&#x24;||divi||400&Prime; button_two_custom_padding=\u00a0\u00bb15px|40px|15px|40px|true|true\u00a0\u00bb custom_padding=\u00a0\u00bb7vw|10vw|7vw||true|\u00a0\u00bb custom_padding_tablet=\u00a0\u00bb|0vw||\u00a0\u00bb custom_padding_phone=\u00a0\u00bb\u00a0\u00bb custom_padding_last_edited=\u00a0\u00bbon|desktop\u00a0\u00bb title_font_size_tablet=\u00a0\u00bb32px\u00a0\u00bb title_font_size_phone=\u00a0\u00bb26px\u00a0\u00bb title_font_size_last_edited=\u00a0\u00bbon|phone\u00a0\u00bb content_font_size_tablet=\u00a0\u00bb\u00a0\u00bb content_font_size_phone=\u00a0\u00bb14px\u00a0\u00bb content_font_size_last_edited=\u00a0\u00bbon|desktop\u00a0\u00bb custom_css_header_container=\u00a0\u00bbwidth: 100%;\u00a0\u00bb global_colors_info=\u00a0\u00bb{}\u00a0\u00bb]<\/p>\n<p>L&rsquo;\u00e9quipe de <em>robotextile<\/em> se r\u00e9jouit de vos demandes et mettra en oeuvre tout son savoir-faire pour r\u00e9pondre \u00e0 votre besoin !<\/p>\n<p>[\/et_pb_fullwidth_header][\/et_pb_section]<\/p>\n","protected":false},"excerpt":{"rendered":"<p>robotextileRTX Airstream AGAS\u00e9paration et pr\u00e9hension avec coin \u00e0 courantL&rsquo;effet Coanda soul\u00e8ve le coin du tissu en soufflant dessus, puis l&rsquo;aspire \u00e0 l&rsquo;aide de la technique Venturi. Le doigt de serrage emp\u00eache le glissement et permet de d\u00e9sactiver l&rsquo;aspiration. Le capteur v\u00e9rifie chaque prise !L&rsquo;\u00e9quipe de robotextile se r\u00e9jouit de vos demandes et mettra en oeuvre [&hellip;]<\/p>\n","protected":false},"author":1,"featured_media":0,"parent":0,"menu_order":0,"comment_status":"closed","ping_status":"closed","template":"","meta":{"_et_pb_use_builder":"on","_et_pb_old_content":"","_et_gb_content_width":"","footnotes":""},"class_list":["post-1457","page","type-page","status-publish","hentry"],"yoast_head":"<!-- This site is optimized with the Yoast SEO plugin v27.4 - https:\/\/yoast.com\/product\/yoast-seo-wordpress\/ -->\n<title>RTX Airstream AGA - Robotextile<\/title>\n<meta name=\"robots\" content=\"index, follow, max-snippet:-1, max-image-preview:large, max-video-preview:-1\" \/>\n<link rel=\"canonical\" href=\"https:\/\/robotextile.com\/fr\/rtx-airstream-aga\/\" \/>\n<meta property=\"og:locale\" content=\"fr_FR\" \/>\n<meta property=\"og:type\" content=\"article\" \/>\n<meta property=\"og:title\" content=\"RTX Airstream AGA - Robotextile\" \/>\n<meta property=\"og:description\" content=\"robotextileRTX Airstream AGAS\u00e9paration et pr\u00e9hension avec coin \u00e0 courantL&#039;effet Coanda soul\u00e8ve le coin du tissu en soufflant dessus, puis l&#039;aspire \u00e0 l&#039;aide de la technique Venturi. Le doigt de serrage emp\u00eache le glissement et permet de d\u00e9sactiver l&#039;aspiration. Le capteur v\u00e9rifie chaque prise !L&#039;\u00e9quipe de robotextile se r\u00e9jouit de vos demandes et mettra en oeuvre [&hellip;]\" \/>\n<meta property=\"og:url\" content=\"https:\/\/robotextile.com\/fr\/rtx-airstream-aga\/\" \/>\n<meta property=\"og:site_name\" content=\"Robotextile\" \/>\n<meta property=\"article:modified_time\" content=\"2025-09-12T09:50:19+00:00\" \/>\n<meta name=\"twitter:card\" content=\"summary_large_image\" \/>\n<meta name=\"twitter:label1\" content=\"Dur\u00e9e de lecture estim\u00e9e\" \/>\n\t<meta name=\"twitter:data1\" content=\"4 minutes\" \/>\n<script type=\"application\/ld+json\" class=\"yoast-schema-graph\">{\"@context\":\"https:\\\/\\\/schema.org\",\"@graph\":[{\"@type\":\"WebPage\",\"@id\":\"https:\\\/\\\/robotextile.com\\\/fr\\\/rtx-airstream-aga\\\/\",\"url\":\"https:\\\/\\\/robotextile.com\\\/fr\\\/rtx-airstream-aga\\\/\",\"name\":\"RTX Airstream AGA - Robotextile\",\"isPartOf\":{\"@id\":\"https:\\\/\\\/robotextile.com\\\/#website\"},\"datePublished\":\"2025-09-03T15:46:50+00:00\",\"dateModified\":\"2025-09-12T09:50:19+00:00\",\"breadcrumb\":{\"@id\":\"https:\\\/\\\/robotextile.com\\\/fr\\\/rtx-airstream-aga\\\/#breadcrumb\"},\"inLanguage\":\"fr-FR\",\"potentialAction\":[{\"@type\":\"ReadAction\",\"target\":[\"https:\\\/\\\/robotextile.com\\\/fr\\\/rtx-airstream-aga\\\/\"]}]},{\"@type\":\"BreadcrumbList\",\"@id\":\"https:\\\/\\\/robotextile.com\\\/fr\\\/rtx-airstream-aga\\\/#breadcrumb\",\"itemListElement\":[{\"@type\":\"ListItem\",\"position\":1,\"name\":\"Startseite\",\"item\":\"https:\\\/\\\/robotextile.com\\\/\"},{\"@type\":\"ListItem\",\"position\":2,\"name\":\"RTX Airstream AGA\"}]},{\"@type\":\"WebSite\",\"@id\":\"https:\\\/\\\/robotextile.com\\\/#website\",\"url\":\"https:\\\/\\\/robotextile.com\\\/\",\"name\":\"Robotextile\",\"description\":\"Textilroboter\",\"publisher\":{\"@id\":\"https:\\\/\\\/robotextile.com\\\/#organization\"},\"potentialAction\":[{\"@type\":\"SearchAction\",\"target\":{\"@type\":\"EntryPoint\",\"urlTemplate\":\"https:\\\/\\\/robotextile.com\\\/?s={search_term_string}\"},\"query-input\":{\"@type\":\"PropertyValueSpecification\",\"valueRequired\":true,\"valueName\":\"search_term_string\"}}],\"inLanguage\":\"fr-FR\"},{\"@type\":\"Organization\",\"@id\":\"https:\\\/\\\/robotextile.com\\\/#organization\",\"name\":\"Robotextile GmbH\",\"url\":\"https:\\\/\\\/robotextile.com\\\/\",\"logo\":{\"@type\":\"ImageObject\",\"inLanguage\":\"fr-FR\",\"@id\":\"https:\\\/\\\/robotextile.com\\\/#\\\/schema\\\/logo\\\/image\\\/\",\"url\":\"https:\\\/\\\/robotextile.com\\\/wp-content\\\/uploads\\\/2022\\\/06\\\/robotextile-logo.png\",\"contentUrl\":\"https:\\\/\\\/robotextile.com\\\/wp-content\\\/uploads\\\/2022\\\/06\\\/robotextile-logo.png\",\"width\":1048,\"height\":212,\"caption\":\"Robotextile GmbH\"},\"image\":{\"@id\":\"https:\\\/\\\/robotextile.com\\\/#\\\/schema\\\/logo\\\/image\\\/\"}}]}<\/script>\n<!-- \/ Yoast SEO plugin. -->","yoast_head_json":{"title":"RTX Airstream AGA - Robotextile","robots":{"index":"index","follow":"follow","max-snippet":"max-snippet:-1","max-image-preview":"max-image-preview:large","max-video-preview":"max-video-preview:-1"},"canonical":"https:\/\/robotextile.com\/fr\/rtx-airstream-aga\/","og_locale":"fr_FR","og_type":"article","og_title":"RTX Airstream AGA - Robotextile","og_description":"robotextileRTX Airstream AGAS\u00e9paration et pr\u00e9hension avec coin \u00e0 courantL'effet Coanda soul\u00e8ve le coin du tissu en soufflant dessus, puis l'aspire \u00e0 l'aide de la technique Venturi. Le doigt de serrage emp\u00eache le glissement et permet de d\u00e9sactiver l'aspiration. Le capteur v\u00e9rifie chaque prise !L'\u00e9quipe de robotextile se r\u00e9jouit de vos demandes et mettra en oeuvre [&hellip;]","og_url":"https:\/\/robotextile.com\/fr\/rtx-airstream-aga\/","og_site_name":"Robotextile","article_modified_time":"2025-09-12T09:50:19+00:00","twitter_card":"summary_large_image","twitter_misc":{"Dur\u00e9e de lecture estim\u00e9e":"4 minutes"},"schema":{"@context":"https:\/\/schema.org","@graph":[{"@type":"WebPage","@id":"https:\/\/robotextile.com\/fr\/rtx-airstream-aga\/","url":"https:\/\/robotextile.com\/fr\/rtx-airstream-aga\/","name":"RTX Airstream AGA - Robotextile","isPartOf":{"@id":"https:\/\/robotextile.com\/#website"},"datePublished":"2025-09-03T15:46:50+00:00","dateModified":"2025-09-12T09:50:19+00:00","breadcrumb":{"@id":"https:\/\/robotextile.com\/fr\/rtx-airstream-aga\/#breadcrumb"},"inLanguage":"fr-FR","potentialAction":[{"@type":"ReadAction","target":["https:\/\/robotextile.com\/fr\/rtx-airstream-aga\/"]}]},{"@type":"BreadcrumbList","@id":"https:\/\/robotextile.com\/fr\/rtx-airstream-aga\/#breadcrumb","itemListElement":[{"@type":"ListItem","position":1,"name":"Startseite","item":"https:\/\/robotextile.com\/"},{"@type":"ListItem","position":2,"name":"RTX Airstream AGA"}]},{"@type":"WebSite","@id":"https:\/\/robotextile.com\/#website","url":"https:\/\/robotextile.com\/","name":"Robotextile","description":"Textilroboter","publisher":{"@id":"https:\/\/robotextile.com\/#organization"},"potentialAction":[{"@type":"SearchAction","target":{"@type":"EntryPoint","urlTemplate":"https:\/\/robotextile.com\/?s={search_term_string}"},"query-input":{"@type":"PropertyValueSpecification","valueRequired":true,"valueName":"search_term_string"}}],"inLanguage":"fr-FR"},{"@type":"Organization","@id":"https:\/\/robotextile.com\/#organization","name":"Robotextile GmbH","url":"https:\/\/robotextile.com\/","logo":{"@type":"ImageObject","inLanguage":"fr-FR","@id":"https:\/\/robotextile.com\/#\/schema\/logo\/image\/","url":"https:\/\/robotextile.com\/wp-content\/uploads\/2022\/06\/robotextile-logo.png","contentUrl":"https:\/\/robotextile.com\/wp-content\/uploads\/2022\/06\/robotextile-logo.png","width":1048,"height":212,"caption":"Robotextile GmbH"},"image":{"@id":"https:\/\/robotextile.com\/#\/schema\/logo\/image\/"}}]}},"_links":{"self":[{"href":"https:\/\/robotextile.com\/fr\/wp-json\/wp\/v2\/pages\/1457","targetHints":{"allow":["GET"]}}],"collection":[{"href":"https:\/\/robotextile.com\/fr\/wp-json\/wp\/v2\/pages"}],"about":[{"href":"https:\/\/robotextile.com\/fr\/wp-json\/wp\/v2\/types\/page"}],"author":[{"embeddable":true,"href":"https:\/\/robotextile.com\/fr\/wp-json\/wp\/v2\/users\/1"}],"replies":[{"embeddable":true,"href":"https:\/\/robotextile.com\/fr\/wp-json\/wp\/v2\/comments?post=1457"}],"version-history":[{"count":9,"href":"https:\/\/robotextile.com\/fr\/wp-json\/wp\/v2\/pages\/1457\/revisions"}],"predecessor-version":[{"id":2021,"href":"https:\/\/robotextile.com\/fr\/wp-json\/wp\/v2\/pages\/1457\/revisions\/2021"}],"wp:attachment":[{"href":"https:\/\/robotextile.com\/fr\/wp-json\/wp\/v2\/media?parent=1457"}],"curies":[{"name":"wp","href":"https:\/\/api.w.org\/{rel}","templated":true}]}}