{"id":1749,"date":"2025-09-03T18:38:57","date_gmt":"2025-09-03T16:38:57","guid":{"rendered":"https:\/\/robotextile.com\/?page_id=1749"},"modified":"2025-09-12T11:51:36","modified_gmt":"2025-09-12T09:51:36","slug":"rtx-workshops","status":"publish","type":"page","link":"https:\/\/robotextile.com\/fr\/rtx-workshops\/","title":{"rendered":"RTX Workshops"},"content":{"rendered":"<p>[et_pb_section fb_built=\u00a0\u00bb1&Prime; admin_label=\u00a0\u00bbHeader\u00a0\u00bb _builder_version=\u00a0\u00bb4.17.0&Prime; background_enable_color=\u00a0\u00bboff\u00a0\u00bb background_color_gradient_direction=\u00a0\u00bb90deg\u00a0\u00bb background_color_gradient_start=\u00a0\u00bb#f7f7f7&Prime; background_color_gradient_end=\u00a0\u00bb#ffffff\u00a0\u00bb custom_margin=\u00a0\u00bb|||||\u00a0\u00bb custom_padding=\u00a0\u00bb||0px|||\u00a0\u00bb background_last_edited=\u00a0\u00bbon|desktop\u00a0\u00bb use_background_color_gradient_tablet=\u00a0\u00bboff\u00a0\u00bb locked=\u00a0\u00bboff\u00a0\u00bb global_colors_info=\u00a0\u00bb{}\u00a0\u00bb][et_pb_row column_structure=\u00a0\u00bb1_2,1_2&Prime; custom_padding_last_edited=\u00a0\u00bbon|phone\u00a0\u00bb padding_left_right_link_1=\u00a0\u00bbfalse\u00a0\u00bb _builder_version=\u00a0\u00bb4.16&Prime; background_enable_image=\u00a0\u00bboff\u00a0\u00bb background_size=\u00a0\u00bbinitial\u00a0\u00bb background_position=\u00a0\u00bbtop_left\u00a0\u00bb custom_margin=\u00a0\u00bb||\u00a0\u00bb custom_padding=\u00a0\u00bb||0px|20px||\u00a0\u00bb custom_padding_tablet=\u00a0\u00bb\u00a0\u00bb custom_padding_phone=\u00a0\u00bb|||0px\u00a0\u00bb global_colors_info=\u00a0\u00bb{}\u00a0\u00bb][et_pb_column type=\u00a0\u00bb1_2&Prime; _builder_version=\u00a0\u00bb4.16&Prime; background_repeat=\u00a0\u00bbrepeat\u00a0\u00bb custom_padding=\u00a0\u00bb|||\u00a0\u00bb custom_padding_phone=\u00a0\u00bb|||0px\u00a0\u00bb custom_padding_last_edited=\u00a0\u00bboff|phone\u00a0\u00bb global_colors_info=\u00a0\u00bb{}\u00a0\u00bb custom_padding__hover=\u00a0\u00bb|||\u00a0\u00bb][et_pb_text _builder_version=\u00a0\u00bb4.27.4&Prime; text_font=\u00a0\u00bb||||||||\u00a0\u00bb text_text_color=\u00a0\u00bb#000000&Prime; text_font_size=\u00a0\u00bb20px\u00a0\u00bb text_line_height=\u00a0\u00bb1.8em\u00a0\u00bb header_font=\u00a0\u00bbBitter||||||||\u00a0\u00bb header_text_color=\u00a0\u00bb#0079c1&Prime; header_font_size=\u00a0\u00bb48px\u00a0\u00bb header_line_height=\u00a0\u00bb1.3em\u00a0\u00bb custom_margin=\u00a0\u00bb||60px\u00a0\u00bb text_font_size_tablet=\u00a0\u00bb\u00a0\u00bb text_font_size_phone=\u00a0\u00bb14px\u00a0\u00bb text_font_size_last_edited=\u00a0\u00bbon|desktop\u00a0\u00bb header_font_size_tablet=\u00a0\u00bb50px\u00a0\u00bb header_font_size_phone=\u00a0\u00bb30px\u00a0\u00bb header_font_size_last_edited=\u00a0\u00bbon|phone\u00a0\u00bb global_colors_info=\u00a0\u00bb{}\u00a0\u00bb]<\/p>\n<h1><span style=\"color: #0079c1;\"><em>robotextile<\/em><br \/><\/span><span style=\"color: #000000;\">RTX Workshops<\/span><\/h1>\n<p><\/p>\n<p>Analyse intensive confidentielle chez le client et en laboratoire<\/p>\n<p>[\/et_pb_text][\/et_pb_column][et_pb_column type=\u00a0\u00bb1_2&Prime; _builder_version=\u00a0\u00bb4.16&Prime; custom_padding=\u00a0\u00bb|||\u00a0\u00bb global_colors_info=\u00a0\u00bb{}\u00a0\u00bb custom_padding__hover=\u00a0\u00bb|||\u00a0\u00bb][et_pb_image src=\u00a0\u00bbhttps:\/\/robotextile.com\/wp-content\/uploads\/2025\/09\/rtx-workshops.jpg\u00a0\u00bb title_text=\u00a0\u00bbrtx-workshops\u00a0\u00bb _builder_version=\u00a0\u00bb4.27.4&Prime; _module_preset=\u00a0\u00bbdefault\u00a0\u00bb hover_enabled=\u00a0\u00bb0&Prime; global_colors_info=\u00a0\u00bb{}\u00a0\u00bb sticky_enabled=\u00a0\u00bb0&Prime;][\/et_pb_image][\/et_pb_column][\/et_pb_row][\/et_pb_section][et_pb_section fb_built=\u00a0\u00bb1&Prime; admin_label=\u00a0\u00bbHeader\u00a0\u00bb _builder_version=\u00a0\u00bb4.17.0&Prime; background_enable_color=\u00a0\u00bboff\u00a0\u00bb background_color_gradient_direction=\u00a0\u00bb90deg\u00a0\u00bb background_color_gradient_start=\u00a0\u00bb#f7f7f7&Prime; background_color_gradient_end=\u00a0\u00bb#ffffff\u00a0\u00bb custom_margin=\u00a0\u00bb|||||\u00a0\u00bb custom_padding=\u00a0\u00bb||0px|||\u00a0\u00bb background_last_edited=\u00a0\u00bbon|desktop\u00a0\u00bb use_background_color_gradient_tablet=\u00a0\u00bboff\u00a0\u00bb locked=\u00a0\u00bboff\u00a0\u00bb global_colors_info=\u00a0\u00bb{}\u00a0\u00bb][et_pb_row column_structure=\u00a0\u00bb1_2,1_2&Prime; custom_padding_last_edited=\u00a0\u00bbon|phone\u00a0\u00bb padding_left_right_link_1=\u00a0\u00bbfalse\u00a0\u00bb _builder_version=\u00a0\u00bb4.16&Prime; background_enable_image=\u00a0\u00bboff\u00a0\u00bb background_size=\u00a0\u00bbinitial\u00a0\u00bb background_position=\u00a0\u00bbtop_left\u00a0\u00bb custom_margin=\u00a0\u00bb||\u00a0\u00bb custom_padding=\u00a0\u00bb||0px|20px||\u00a0\u00bb custom_padding_tablet=\u00a0\u00bb\u00a0\u00bb custom_padding_phone=\u00a0\u00bb|||0px\u00a0\u00bb global_colors_info=\u00a0\u00bb{}\u00a0\u00bb][et_pb_column type=\u00a0\u00bb1_2&Prime; _builder_version=\u00a0\u00bb4.16&Prime; background_repeat=\u00a0\u00bbrepeat\u00a0\u00bb custom_padding=\u00a0\u00bb|||\u00a0\u00bb custom_padding_phone=\u00a0\u00bb|||0px\u00a0\u00bb custom_padding_last_edited=\u00a0\u00bboff|phone\u00a0\u00bb global_colors_info=\u00a0\u00bb{}\u00a0\u00bb custom_padding__hover=\u00a0\u00bb|||\u00a0\u00bb][et_pb_image src=\u00a0\u00bbhttps:\/\/robotextile.com\/wp-content\/uploads\/2025\/09\/rtx-workshops-2.jpg\u00a0\u00bb _builder_version=\u00a0\u00bb4.27.4&Prime; _module_preset=\u00a0\u00bbdefault\u00a0\u00bb title_text=\u00a0\u00bbrtx-workshops-2&Prime; hover_enabled=\u00a0\u00bb0&Prime; sticky_enabled=\u00a0\u00bb0&Prime;][\/et_pb_image][\/et_pb_column][et_pb_column type=\u00a0\u00bb1_2&Prime; _builder_version=\u00a0\u00bb4.16&Prime; background_repeat=\u00a0\u00bbrepeat\u00a0\u00bb custom_padding=\u00a0\u00bb|||\u00a0\u00bb custom_padding_phone=\u00a0\u00bb|||0px\u00a0\u00bb custom_padding_last_edited=\u00a0\u00bboff|phone\u00a0\u00bb global_colors_info=\u00a0\u00bb{}\u00a0\u00bb custom_padding__hover=\u00a0\u00bb|||\u00a0\u00bb][et_pb_text _builder_version=\u00a0\u00bb4.27.4&Prime; text_font=\u00a0\u00bb||||||||\u00a0\u00bb text_text_color=\u00a0\u00bb#000000&Prime; text_font_size=\u00a0\u00bb20px\u00a0\u00bb text_line_height=\u00a0\u00bb1.8em\u00a0\u00bb header_font=\u00a0\u00bbBitter||||||||\u00a0\u00bb header_text_color=\u00a0\u00bb#0079c1&Prime; header_font_size=\u00a0\u00bb60px\u00a0\u00bb header_line_height=\u00a0\u00bb1.3em\u00a0\u00bb custom_margin=\u00a0\u00bb||60px\u00a0\u00bb text_font_size_tablet=\u00a0\u00bb\u00a0\u00bb text_font_size_phone=\u00a0\u00bb14px\u00a0\u00bb text_font_size_last_edited=\u00a0\u00bbon|desktop\u00a0\u00bb header_font_size_tablet=\u00a0\u00bb50px\u00a0\u00bb header_font_size_phone=\u00a0\u00bb30px\u00a0\u00bb header_font_size_last_edited=\u00a0\u00bbon|phone\u00a0\u00bb global_colors_info=\u00a0\u00bb{}\u00a0\u00bb]<\/p>\n<p>Nous analysons ensemble, dans votre entreprise, les machines, les processus et les textiles de mani\u00e8re hautement confidentielle et tr\u00e8s efficace. Cela nous permet de trouver la meilleure solution d&rsquo;automatisation.<\/p>\n<p>[\/et_pb_text][\/et_pb_column][\/et_pb_row][\/et_pb_section][et_pb_section fb_built=\u00a0\u00bb1&Prime; fullwidth=\u00a0\u00bbon\u00a0\u00bb admin_label=\u00a0\u00bbFooter\u00a0\u00bb _builder_version=\u00a0\u00bb4.16&Prime; width=\u00a0\u00bb90vw\u00a0\u00bb width_tablet=\u00a0\u00bb100%\u00a0\u00bb width_phone=\u00a0\u00bb\u00a0\u00bb width_last_edited=\u00a0\u00bbon|desktop\u00a0\u00bb module_alignment=\u00a0\u00bbright\u00a0\u00bb locked=\u00a0\u00bboff\u00a0\u00bb global_colors_info=\u00a0\u00bb{}\u00a0\u00bb][et_pb_fullwidth_header title=\u00a0\u00bbNous contacter\u00a0\u00bb text_orientation=\u00a0\u00bbcenter\u00a0\u00bb button_one_text=\u00a0\u00bbContact\u00a0\u00bb button_one_url=\u00a0\u00bbhttps:\/\/robotextile.com\/fr\/contact\/\u00a0\u00bb _builder_version=\u00a0\u00bb4.17.0&Prime; title_font=\u00a0\u00bbBitter||||||||\u00a0\u00bb title_font_size=\u00a0\u00bb42px\u00a0\u00bb title_line_height=\u00a0\u00bb1.2em\u00a0\u00bb content_font=\u00a0\u00bb||||||||\u00a0\u00bb content_font_size=\u00a0\u00bb18px\u00a0\u00bb content_line_height=\u00a0\u00bb1.8em\u00a0\u00bb custom_button_one=\u00a0\u00bbon\u00a0\u00bb button_one_text_size=\u00a0\u00bb14px\u00a0\u00bb button_one_text_color=\u00a0\u00bb#2a2a2a\u00a0\u00bb button_one_bg_color=\u00a0\u00bb#ffffff\u00a0\u00bb button_one_border_color=\u00a0\u00bbrgba(0,0,0,0)\u00a0\u00bb button_one_border_radius=\u00a0\u00bb100px\u00a0\u00bb button_one_letter_spacing=\u00a0\u00bb2px\u00a0\u00bb button_one_font=\u00a0\u00bbRaleway|700||on|||||\u00a0\u00bb button_one_icon=\u00a0\u00bb&#x24;||divi||400&Prime; button_one_custom_padding=\u00a0\u00bb15px|40px|15px|40px|true|true\u00a0\u00bb custom_button_two=\u00a0\u00bbon\u00a0\u00bb button_two_text_size=\u00a0\u00bb14px\u00a0\u00bb button_two_text_color=\u00a0\u00bb#ffffff\u00a0\u00bb button_two_bg_color=\u00a0\u00bbrgba(255,255,255,0)\u00a0\u00bb button_two_border_color=\u00a0\u00bb#ffffff\u00a0\u00bb button_two_border_radius=\u00a0\u00bb100px\u00a0\u00bb button_two_letter_spacing=\u00a0\u00bb2px\u00a0\u00bb button_two_font=\u00a0\u00bbRaleway|700||on|||||\u00a0\u00bb button_two_icon=\u00a0\u00bb&#x24;||divi||400&Prime; button_two_custom_padding=\u00a0\u00bb15px|40px|15px|40px|true|true\u00a0\u00bb custom_padding=\u00a0\u00bb7vw|10vw|7vw||true|\u00a0\u00bb custom_padding_tablet=\u00a0\u00bb|0vw||\u00a0\u00bb custom_padding_phone=\u00a0\u00bb\u00a0\u00bb custom_padding_last_edited=\u00a0\u00bbon|desktop\u00a0\u00bb title_font_size_tablet=\u00a0\u00bb32px\u00a0\u00bb title_font_size_phone=\u00a0\u00bb26px\u00a0\u00bb title_font_size_last_edited=\u00a0\u00bbon|phone\u00a0\u00bb content_font_size_tablet=\u00a0\u00bb\u00a0\u00bb content_font_size_phone=\u00a0\u00bb14px\u00a0\u00bb content_font_size_last_edited=\u00a0\u00bbon|desktop\u00a0\u00bb custom_css_header_container=\u00a0\u00bbwidth: 100%;\u00a0\u00bb global_colors_info=\u00a0\u00bb{}\u00a0\u00bb]<\/p>\n<p>L&rsquo;\u00e9quipe de <em>robotextile<\/em> se r\u00e9jouit de vos demandes et mettra en oeuvre tout son savoir-faire pour r\u00e9pondre \u00e0 votre besoin !<\/p>\n<p>[\/et_pb_fullwidth_header][\/et_pb_section]<\/p>\n","protected":false},"excerpt":{"rendered":"<p>robotextileRTX WorkshopsAnalyse intensive confidentielle chez le client et en laboratoireNous analysons ensemble, dans votre entreprise, les machines, les processus et les textiles de mani\u00e8re hautement confidentielle et tr\u00e8s efficace. Cela nous permet de trouver la meilleure solution d&rsquo;automatisation.L&rsquo;\u00e9quipe de robotextile se r\u00e9jouit de vos demandes et mettra en oeuvre tout son savoir-faire pour r\u00e9pondre \u00e0 [&hellip;]<\/p>\n","protected":false},"author":1,"featured_media":0,"parent":0,"menu_order":0,"comment_status":"closed","ping_status":"closed","template":"","meta":{"_et_pb_use_builder":"on","_et_pb_old_content":"","_et_gb_content_width":"","footnotes":""},"class_list":["post-1749","page","type-page","status-publish","hentry"],"yoast_head":"<!-- This site is optimized with the Yoast SEO plugin v27.1.1 - https:\/\/yoast.com\/product\/yoast-seo-wordpress\/ -->\n<title>RTX Workshops - Robotextile<\/title>\n<meta name=\"robots\" content=\"index, follow, max-snippet:-1, max-image-preview:large, max-video-preview:-1\" \/>\n<link rel=\"canonical\" href=\"https:\/\/robotextile.com\/fr\/rtx-workshops\/\" \/>\n<meta property=\"og:locale\" content=\"fr_FR\" \/>\n<meta property=\"og:type\" content=\"article\" \/>\n<meta property=\"og:title\" content=\"RTX Workshops - Robotextile\" \/>\n<meta property=\"og:description\" content=\"robotextileRTX WorkshopsAnalyse intensive confidentielle chez le client et en laboratoireNous analysons ensemble, dans votre entreprise, les machines, les processus et les textiles de mani\u00e8re hautement confidentielle et tr\u00e8s efficace. Cela nous permet de trouver la meilleure solution d&#039;automatisation.L&#039;\u00e9quipe de robotextile se r\u00e9jouit de vos demandes et mettra en oeuvre tout son savoir-faire pour r\u00e9pondre \u00e0 [&hellip;]\" \/>\n<meta property=\"og:url\" content=\"https:\/\/robotextile.com\/fr\/rtx-workshops\/\" \/>\n<meta property=\"og:site_name\" content=\"Robotextile\" \/>\n<meta property=\"article:modified_time\" content=\"2025-09-12T09:51:36+00:00\" \/>\n<meta name=\"twitter:card\" content=\"summary_large_image\" \/>\n<meta name=\"twitter:label1\" content=\"Dur\u00e9e de lecture estim\u00e9e\" \/>\n\t<meta name=\"twitter:data1\" content=\"4 minutes\" \/>\n<script type=\"application\/ld+json\" class=\"yoast-schema-graph\">{\"@context\":\"https:\/\/schema.org\",\"@graph\":[{\"@type\":\"WebPage\",\"@id\":\"https:\/\/robotextile.com\/fr\/rtx-workshops\/\",\"url\":\"https:\/\/robotextile.com\/fr\/rtx-workshops\/\",\"name\":\"RTX Workshops - Robotextile\",\"isPartOf\":{\"@id\":\"https:\/\/robotextile.com\/#website\"},\"datePublished\":\"2025-09-03T16:38:57+00:00\",\"dateModified\":\"2025-09-12T09:51:36+00:00\",\"breadcrumb\":{\"@id\":\"https:\/\/robotextile.com\/fr\/rtx-workshops\/#breadcrumb\"},\"inLanguage\":\"fr-FR\",\"potentialAction\":[{\"@type\":\"ReadAction\",\"target\":[\"https:\/\/robotextile.com\/fr\/rtx-workshops\/\"]}]},{\"@type\":\"BreadcrumbList\",\"@id\":\"https:\/\/robotextile.com\/fr\/rtx-workshops\/#breadcrumb\",\"itemListElement\":[{\"@type\":\"ListItem\",\"position\":1,\"name\":\"Startseite\",\"item\":\"https:\/\/robotextile.com\/\"},{\"@type\":\"ListItem\",\"position\":2,\"name\":\"RTX Workshops\"}]},{\"@type\":\"WebSite\",\"@id\":\"https:\/\/robotextile.com\/#website\",\"url\":\"https:\/\/robotextile.com\/\",\"name\":\"Robotextile\",\"description\":\"Textilroboter\",\"publisher\":{\"@id\":\"https:\/\/robotextile.com\/#organization\"},\"potentialAction\":[{\"@type\":\"SearchAction\",\"target\":{\"@type\":\"EntryPoint\",\"urlTemplate\":\"https:\/\/robotextile.com\/?s={search_term_string}\"},\"query-input\":{\"@type\":\"PropertyValueSpecification\",\"valueRequired\":true,\"valueName\":\"search_term_string\"}}],\"inLanguage\":\"fr-FR\"},{\"@type\":\"Organization\",\"@id\":\"https:\/\/robotextile.com\/#organization\",\"name\":\"Robotextile GmbH\",\"url\":\"https:\/\/robotextile.com\/\",\"logo\":{\"@type\":\"ImageObject\",\"inLanguage\":\"fr-FR\",\"@id\":\"https:\/\/robotextile.com\/#\/schema\/logo\/image\/\",\"url\":\"https:\/\/robotextile.com\/wp-content\/uploads\/2022\/06\/robotextile-logo.png\",\"contentUrl\":\"https:\/\/robotextile.com\/wp-content\/uploads\/2022\/06\/robotextile-logo.png\",\"width\":1048,\"height\":212,\"caption\":\"Robotextile GmbH\"},\"image\":{\"@id\":\"https:\/\/robotextile.com\/#\/schema\/logo\/image\/\"}}]}<\/script>\n<!-- \/ Yoast SEO plugin. -->","yoast_head_json":{"title":"RTX Workshops - Robotextile","robots":{"index":"index","follow":"follow","max-snippet":"max-snippet:-1","max-image-preview":"max-image-preview:large","max-video-preview":"max-video-preview:-1"},"canonical":"https:\/\/robotextile.com\/fr\/rtx-workshops\/","og_locale":"fr_FR","og_type":"article","og_title":"RTX Workshops - Robotextile","og_description":"robotextileRTX WorkshopsAnalyse intensive confidentielle chez le client et en laboratoireNous analysons ensemble, dans votre entreprise, les machines, les processus et les textiles de mani\u00e8re hautement confidentielle et tr\u00e8s efficace. Cela nous permet de trouver la meilleure solution d'automatisation.L'\u00e9quipe de robotextile se r\u00e9jouit de vos demandes et mettra en oeuvre tout son savoir-faire pour r\u00e9pondre \u00e0 [&hellip;]","og_url":"https:\/\/robotextile.com\/fr\/rtx-workshops\/","og_site_name":"Robotextile","article_modified_time":"2025-09-12T09:51:36+00:00","twitter_card":"summary_large_image","twitter_misc":{"Dur\u00e9e de lecture estim\u00e9e":"4 minutes"},"schema":{"@context":"https:\/\/schema.org","@graph":[{"@type":"WebPage","@id":"https:\/\/robotextile.com\/fr\/rtx-workshops\/","url":"https:\/\/robotextile.com\/fr\/rtx-workshops\/","name":"RTX Workshops - Robotextile","isPartOf":{"@id":"https:\/\/robotextile.com\/#website"},"datePublished":"2025-09-03T16:38:57+00:00","dateModified":"2025-09-12T09:51:36+00:00","breadcrumb":{"@id":"https:\/\/robotextile.com\/fr\/rtx-workshops\/#breadcrumb"},"inLanguage":"fr-FR","potentialAction":[{"@type":"ReadAction","target":["https:\/\/robotextile.com\/fr\/rtx-workshops\/"]}]},{"@type":"BreadcrumbList","@id":"https:\/\/robotextile.com\/fr\/rtx-workshops\/#breadcrumb","itemListElement":[{"@type":"ListItem","position":1,"name":"Startseite","item":"https:\/\/robotextile.com\/"},{"@type":"ListItem","position":2,"name":"RTX Workshops"}]},{"@type":"WebSite","@id":"https:\/\/robotextile.com\/#website","url":"https:\/\/robotextile.com\/","name":"Robotextile","description":"Textilroboter","publisher":{"@id":"https:\/\/robotextile.com\/#organization"},"potentialAction":[{"@type":"SearchAction","target":{"@type":"EntryPoint","urlTemplate":"https:\/\/robotextile.com\/?s={search_term_string}"},"query-input":{"@type":"PropertyValueSpecification","valueRequired":true,"valueName":"search_term_string"}}],"inLanguage":"fr-FR"},{"@type":"Organization","@id":"https:\/\/robotextile.com\/#organization","name":"Robotextile GmbH","url":"https:\/\/robotextile.com\/","logo":{"@type":"ImageObject","inLanguage":"fr-FR","@id":"https:\/\/robotextile.com\/#\/schema\/logo\/image\/","url":"https:\/\/robotextile.com\/wp-content\/uploads\/2022\/06\/robotextile-logo.png","contentUrl":"https:\/\/robotextile.com\/wp-content\/uploads\/2022\/06\/robotextile-logo.png","width":1048,"height":212,"caption":"Robotextile GmbH"},"image":{"@id":"https:\/\/robotextile.com\/#\/schema\/logo\/image\/"}}]}},"_links":{"self":[{"href":"https:\/\/robotextile.com\/fr\/wp-json\/wp\/v2\/pages\/1749","targetHints":{"allow":["GET"]}}],"collection":[{"href":"https:\/\/robotextile.com\/fr\/wp-json\/wp\/v2\/pages"}],"about":[{"href":"https:\/\/robotextile.com\/fr\/wp-json\/wp\/v2\/types\/page"}],"author":[{"embeddable":true,"href":"https:\/\/robotextile.com\/fr\/wp-json\/wp\/v2\/users\/1"}],"replies":[{"embeddable":true,"href":"https:\/\/robotextile.com\/fr\/wp-json\/wp\/v2\/comments?post=1749"}],"version-history":[{"count":7,"href":"https:\/\/robotextile.com\/fr\/wp-json\/wp\/v2\/pages\/1749\/revisions"}],"predecessor-version":[{"id":1968,"href":"https:\/\/robotextile.com\/fr\/wp-json\/wp\/v2\/pages\/1749\/revisions\/1968"}],"wp:attachment":[{"href":"https:\/\/robotextile.com\/fr\/wp-json\/wp\/v2\/media?parent=1749"}],"curies":[{"name":"wp","href":"https:\/\/api.w.org\/{rel}","templated":true}]}}