{"id":1386,"date":"2025-09-03T17:36:35","date_gmt":"2025-09-03T15:36:35","guid":{"rendered":"https:\/\/robotextile.com\/?page_id=1386"},"modified":"2025-09-12T11:52:29","modified_gmt":"2025-09-12T09:52:29","slug":"rtx-role","status":"publish","type":"page","link":"https:\/\/robotextile.com\/pt-pt\/rtx-role\/","title":{"rendered":"RTX Role"},"content":{"rendered":"<p>[et_pb_section fb_built=&#8221;1&#8243; admin_label=&#8221;Header&#8221; _builder_version=&#8221;4.17.0&#8243; background_enable_color=&#8221;off&#8221; background_color_gradient_direction=&#8221;90deg&#8221; background_color_gradient_start=&#8221;#f7f7f7&#8243; background_color_gradient_end=&#8221;#ffffff&#8221; custom_margin=&#8221;|||||&#8221; custom_padding=&#8221;||0px|||&#8221; background_last_edited=&#8221;on|desktop&#8221; use_background_color_gradient_tablet=&#8221;off&#8221; locked=&#8221;off&#8221; global_colors_info=&#8221;{}&#8221;][et_pb_row column_structure=&#8221;1_2,1_2&#8243; custom_padding_last_edited=&#8221;on|phone&#8221; padding_left_right_link_1=&#8221;false&#8221; _builder_version=&#8221;4.16&#8243; background_enable_image=&#8221;off&#8221; background_size=&#8221;initial&#8221; background_position=&#8221;top_left&#8221; custom_margin=&#8221;||&#8221; custom_padding=&#8221;||0px|20px||&#8221; custom_padding_tablet=&#8221;&#8221; custom_padding_phone=&#8221;|||0px&#8221; global_colors_info=&#8221;{}&#8221;][et_pb_column type=&#8221;1_2&#8243; _builder_version=&#8221;4.16&#8243; background_repeat=&#8221;repeat&#8221; custom_padding=&#8221;|||&#8221; custom_padding_phone=&#8221;|||0px&#8221; custom_padding_last_edited=&#8221;off|phone&#8221; global_colors_info=&#8221;{}&#8221; custom_padding__hover=&#8221;|||&#8221;][et_pb_text _builder_version=&#8221;4.17.3&#8243; text_font=&#8221;||||||||&#8221; text_text_color=&#8221;#000000&#8243; text_font_size=&#8221;20px&#8221; text_line_height=&#8221;1.8em&#8221; header_font=&#8221;Bitter||||||||&#8221; header_text_color=&#8221;#0079c1&#8243; header_font_size=&#8221;48px&#8221; header_line_height=&#8221;1.3em&#8221; custom_margin=&#8221;||60px&#8221; text_font_size_tablet=&#8221;&#8221; text_font_size_phone=&#8221;14px&#8221; text_font_size_last_edited=&#8221;on|desktop&#8221; header_font_size_tablet=&#8221;50px&#8221; header_font_size_phone=&#8221;30px&#8221; header_font_size_last_edited=&#8221;on|phone&#8221; global_colors_info=&#8221;{}&#8221;]<\/p>\n<h1><span style=\"color: #0079c1;\"><em>robotextile<\/em><br \/><\/span><span style=\"color: #000000;\">RTX Role<\/span><\/h1>\n<p><\/p>\n<p>Separa\u00e7\u00e3o da camada superior<\/p>\n<p>[\/et_pb_text][\/et_pb_column][et_pb_column type=&#8221;1_2&#8243; _builder_version=&#8221;4.16&#8243; custom_padding=&#8221;|||&#8221; global_colors_info=&#8221;{}&#8221; custom_padding__hover=&#8221;|||&#8221;][et_pb_image src=&#8221;https:\/\/robotextile.com\/wp-content\/uploads\/2025\/09\/rtx-role-1.jpg&#8221; title_text=&#8221;rtx-role-1&#8243; _builder_version=&#8221;4.27.4&#8243; _module_preset=&#8221;default&#8221; hover_enabled=&#8221;0&#8243; global_colors_info=&#8221;{}&#8221; sticky_enabled=&#8221;0&#8243;][\/et_pb_image][\/et_pb_column][\/et_pb_row][\/et_pb_section][et_pb_section fb_built=&#8221;1&#8243; admin_label=&#8221;Header&#8221; _builder_version=&#8221;4.17.0&#8243; background_enable_color=&#8221;off&#8221; background_color_gradient_direction=&#8221;90deg&#8221; background_color_gradient_start=&#8221;#f7f7f7&#8243; background_color_gradient_end=&#8221;#ffffff&#8221; custom_margin=&#8221;|||||&#8221; custom_padding=&#8221;||0px|||&#8221; background_last_edited=&#8221;on|desktop&#8221; use_background_color_gradient_tablet=&#8221;off&#8221; locked=&#8221;off&#8221; global_colors_info=&#8221;{}&#8221;][et_pb_row custom_padding_last_edited=&#8221;on|phone&#8221; padding_left_right_link_1=&#8221;false&#8221; _builder_version=&#8221;4.16&#8243; background_enable_image=&#8221;off&#8221; background_size=&#8221;initial&#8221; background_position=&#8221;top_left&#8221; custom_margin=&#8221;||&#8221; custom_padding=&#8221;||0px|20px||&#8221; custom_padding_tablet=&#8221;&#8221; custom_padding_phone=&#8221;|||0px&#8221; global_colors_info=&#8221;{}&#8221; column_structure=&#8221;1_2,1_2&#8243;][et_pb_column type=&#8221;1_2&#8243; _builder_version=&#8221;4.16&#8243; background_repeat=&#8221;repeat&#8221; custom_padding=&#8221;|||&#8221; custom_padding_phone=&#8221;|||0px&#8221; custom_padding_last_edited=&#8221;off|phone&#8221; global_colors_info=&#8221;{}&#8221; custom_padding__hover=&#8221;|||&#8221;][et_pb_image src=&#8221;https:\/\/robotextile.com\/wp-content\/uploads\/2025\/09\/rtx-role-2.jpg&#8221; _builder_version=&#8221;4.27.4&#8243; _module_preset=&#8221;default&#8221; hover_enabled=&#8221;0&#8243; sticky_enabled=&#8221;0&#8243; title_text=&#8221;rtx-role-2&#8243;][\/et_pb_image][\/et_pb_column][et_pb_column type=&#8221;1_2&#8243; _builder_version=&#8221;4.16&#8243; background_repeat=&#8221;repeat&#8221; custom_padding=&#8221;|||&#8221; custom_padding_phone=&#8221;|||0px&#8221; custom_padding_last_edited=&#8221;off|phone&#8221; global_colors_info=&#8221;{}&#8221; custom_padding__hover=&#8221;|||&#8221;][et_pb_text _builder_version=&#8221;4.27.4&#8243; text_font=&#8221;||||||||&#8221; text_text_color=&#8221;#000000&#8243; text_font_size=&#8221;20px&#8221; text_line_height=&#8221;1.8em&#8221; header_font=&#8221;Bitter||||||||&#8221; header_text_color=&#8221;#0079c1&#8243; header_font_size=&#8221;60px&#8221; header_line_height=&#8221;1.3em&#8221; custom_margin=&#8221;||60px&#8221; hover_enabled=&#8221;0&#8243; text_font_size_tablet=&#8221;&#8221; text_font_size_phone=&#8221;14px&#8221; text_font_size_last_edited=&#8221;on|desktop&#8221; header_font_size_tablet=&#8221;50px&#8221; header_font_size_phone=&#8221;30px&#8221; header_font_size_last_edited=&#8221;on|phone&#8221; global_colors_info=&#8221;{}&#8221; sticky_enabled=&#8221;0&#8243;]<\/p>\n<p>As camadas de t\u00eaxteis devem ser separadas da pilha de forma segura. Este rolo de fluxo pode ser dimensionado e levanta a camada superior de forma cuidadosa e segura.<\/p>\n<p>[\/et_pb_text][\/et_pb_column][\/et_pb_row][\/et_pb_section][et_pb_section fb_built=&#8221;1&#8243; fullwidth=&#8221;on&#8221; admin_label=&#8221;Footer&#8221; _builder_version=&#8221;4.16&#8243; width=&#8221;90vw&#8221; width_tablet=&#8221;100%&#8221; width_phone=&#8221;&#8221; width_last_edited=&#8221;on|desktop&#8221; module_alignment=&#8221;right&#8221; locked=&#8221;off&#8221; global_colors_info=&#8221;{}&#8221;][et_pb_fullwidth_header title=&#8221;Contate-nos&#8221; text_orientation=&#8221;center&#8221; button_one_text=&#8221;Contato&#8221; button_one_url=&#8221;https:\/\/robotextile.com\/pt-pt\/contato\/&#8221; _builder_version=&#8221;4.17.0&#8243; title_font=&#8221;Bitter||||||||&#8221; title_font_size=&#8221;42px&#8221; title_line_height=&#8221;1.2em&#8221; content_font=&#8221;||||||||&#8221; content_font_size=&#8221;18px&#8221; content_line_height=&#8221;1.8em&#8221; custom_button_one=&#8221;on&#8221; button_one_text_size=&#8221;14px&#8221; button_one_text_color=&#8221;#2a2a2a&#8221; button_one_bg_color=&#8221;#ffffff&#8221; button_one_border_color=&#8221;rgba(0,0,0,0)&#8221; button_one_border_radius=&#8221;100px&#8221; button_one_letter_spacing=&#8221;2px&#8221; button_one_font=&#8221;Raleway|700||on|||||&#8221; button_one_icon=&#8221;&#x24;||divi||400&#8243; button_one_custom_padding=&#8221;15px|40px|15px|40px|true|true&#8221; custom_button_two=&#8221;on&#8221; button_two_text_size=&#8221;14px&#8221; button_two_text_color=&#8221;#ffffff&#8221; button_two_bg_color=&#8221;rgba(255,255,255,0)&#8221; button_two_border_color=&#8221;#ffffff&#8221; button_two_border_radius=&#8221;100px&#8221; button_two_letter_spacing=&#8221;2px&#8221; button_two_font=&#8221;Raleway|700||on|||||&#8221; button_two_icon=&#8221;&#x24;||divi||400&#8243; button_two_custom_padding=&#8221;15px|40px|15px|40px|true|true&#8221; custom_padding=&#8221;7vw|10vw|7vw||true|&#8221; custom_padding_tablet=&#8221;|0vw||&#8221; custom_padding_phone=&#8221;&#8221; custom_padding_last_edited=&#8221;on|desktop&#8221; title_font_size_tablet=&#8221;32px&#8221; title_font_size_phone=&#8221;26px&#8221; title_font_size_last_edited=&#8221;on|phone&#8221; content_font_size_tablet=&#8221;&#8221; content_font_size_phone=&#8221;14px&#8221; content_font_size_last_edited=&#8221;on|desktop&#8221; custom_css_header_container=&#8221;width: 100%;&#8221; global_colors_info=&#8221;{}&#8221;]A equipe da <em>robotextile<\/em> aguarda as suas quest\u00f5es e desafios![\/et_pb_fullwidth_header][\/et_pb_section]<\/p>\n","protected":false},"excerpt":{"rendered":"<p>robotextileRTX RoleSepara\u00e7\u00e3o da camada superiorAs camadas de t\u00eaxteis devem ser separadas da pilha de forma segura. Este rolo de fluxo pode ser dimensionado e levanta a camada superior de forma cuidadosa e segura.A equipe da robotextile aguarda as suas quest\u00f5es e desafios!<\/p>\n","protected":false},"author":1,"featured_media":0,"parent":0,"menu_order":0,"comment_status":"closed","ping_status":"closed","template":"","meta":{"_et_pb_use_builder":"on","_et_pb_old_content":"","_et_gb_content_width":"","footnotes":""},"class_list":["post-1386","page","type-page","status-publish","hentry"],"yoast_head":"<!-- This site is optimized with the Yoast SEO plugin v27.4 - https:\/\/yoast.com\/product\/yoast-seo-wordpress\/ -->\n<title>RTX Role - Robotextile<\/title>\n<meta name=\"robots\" content=\"index, follow, max-snippet:-1, max-image-preview:large, max-video-preview:-1\" \/>\n<link rel=\"canonical\" href=\"https:\/\/robotextile.com\/pt-pt\/rtx-role\/\" \/>\n<meta property=\"og:locale\" content=\"pt_PT\" \/>\n<meta property=\"og:type\" content=\"article\" \/>\n<meta property=\"og:title\" content=\"RTX Role - Robotextile\" \/>\n<meta property=\"og:description\" content=\"robotextileRTX RoleSepara\u00e7\u00e3o da camada superiorAs camadas de t\u00eaxteis devem ser separadas da pilha de forma segura. Este rolo de fluxo pode ser dimensionado e levanta a camada superior de forma cuidadosa e segura.A equipe da robotextile aguarda as suas quest\u00f5es e desafios!\" \/>\n<meta property=\"og:url\" content=\"https:\/\/robotextile.com\/pt-pt\/rtx-role\/\" \/>\n<meta property=\"og:site_name\" content=\"Robotextile\" \/>\n<meta property=\"article:modified_time\" content=\"2025-09-12T09:52:29+00:00\" \/>\n<meta name=\"twitter:card\" content=\"summary_large_image\" \/>\n<meta name=\"twitter:label1\" content=\"Tempo estimado de leitura\" \/>\n\t<meta name=\"twitter:data1\" content=\"4 minutos\" \/>\n<script type=\"application\/ld+json\" class=\"yoast-schema-graph\">{\"@context\":\"https:\\\/\\\/schema.org\",\"@graph\":[{\"@type\":\"WebPage\",\"@id\":\"https:\\\/\\\/robotextile.com\\\/pt-pt\\\/rtx-role\\\/\",\"url\":\"https:\\\/\\\/robotextile.com\\\/pt-pt\\\/rtx-role\\\/\",\"name\":\"RTX Role - Robotextile\",\"isPartOf\":{\"@id\":\"https:\\\/\\\/robotextile.com\\\/#website\"},\"datePublished\":\"2025-09-03T15:36:35+00:00\",\"dateModified\":\"2025-09-12T09:52:29+00:00\",\"breadcrumb\":{\"@id\":\"https:\\\/\\\/robotextile.com\\\/pt-pt\\\/rtx-role\\\/#breadcrumb\"},\"inLanguage\":\"pt-PT\",\"potentialAction\":[{\"@type\":\"ReadAction\",\"target\":[\"https:\\\/\\\/robotextile.com\\\/pt-pt\\\/rtx-role\\\/\"]}]},{\"@type\":\"BreadcrumbList\",\"@id\":\"https:\\\/\\\/robotextile.com\\\/pt-pt\\\/rtx-role\\\/#breadcrumb\",\"itemListElement\":[{\"@type\":\"ListItem\",\"position\":1,\"name\":\"Startseite\",\"item\":\"https:\\\/\\\/robotextile.com\\\/\"},{\"@type\":\"ListItem\",\"position\":2,\"name\":\"RTX Role\"}]},{\"@type\":\"WebSite\",\"@id\":\"https:\\\/\\\/robotextile.com\\\/#website\",\"url\":\"https:\\\/\\\/robotextile.com\\\/\",\"name\":\"Robotextile\",\"description\":\"Textilroboter\",\"publisher\":{\"@id\":\"https:\\\/\\\/robotextile.com\\\/#organization\"},\"potentialAction\":[{\"@type\":\"SearchAction\",\"target\":{\"@type\":\"EntryPoint\",\"urlTemplate\":\"https:\\\/\\\/robotextile.com\\\/?s={search_term_string}\"},\"query-input\":{\"@type\":\"PropertyValueSpecification\",\"valueRequired\":true,\"valueName\":\"search_term_string\"}}],\"inLanguage\":\"pt-PT\"},{\"@type\":\"Organization\",\"@id\":\"https:\\\/\\\/robotextile.com\\\/#organization\",\"name\":\"Robotextile GmbH\",\"url\":\"https:\\\/\\\/robotextile.com\\\/\",\"logo\":{\"@type\":\"ImageObject\",\"inLanguage\":\"pt-PT\",\"@id\":\"https:\\\/\\\/robotextile.com\\\/#\\\/schema\\\/logo\\\/image\\\/\",\"url\":\"https:\\\/\\\/robotextile.com\\\/wp-content\\\/uploads\\\/2022\\\/06\\\/robotextile-logo.png\",\"contentUrl\":\"https:\\\/\\\/robotextile.com\\\/wp-content\\\/uploads\\\/2022\\\/06\\\/robotextile-logo.png\",\"width\":1048,\"height\":212,\"caption\":\"Robotextile GmbH\"},\"image\":{\"@id\":\"https:\\\/\\\/robotextile.com\\\/#\\\/schema\\\/logo\\\/image\\\/\"}}]}<\/script>\n<!-- \/ Yoast SEO plugin. -->","yoast_head_json":{"title":"RTX Role - Robotextile","robots":{"index":"index","follow":"follow","max-snippet":"max-snippet:-1","max-image-preview":"max-image-preview:large","max-video-preview":"max-video-preview:-1"},"canonical":"https:\/\/robotextile.com\/pt-pt\/rtx-role\/","og_locale":"pt_PT","og_type":"article","og_title":"RTX Role - Robotextile","og_description":"robotextileRTX RoleSepara\u00e7\u00e3o da camada superiorAs camadas de t\u00eaxteis devem ser separadas da pilha de forma segura. Este rolo de fluxo pode ser dimensionado e levanta a camada superior de forma cuidadosa e segura.A equipe da robotextile aguarda as suas quest\u00f5es e desafios!","og_url":"https:\/\/robotextile.com\/pt-pt\/rtx-role\/","og_site_name":"Robotextile","article_modified_time":"2025-09-12T09:52:29+00:00","twitter_card":"summary_large_image","twitter_misc":{"Tempo estimado de leitura":"4 minutos"},"schema":{"@context":"https:\/\/schema.org","@graph":[{"@type":"WebPage","@id":"https:\/\/robotextile.com\/pt-pt\/rtx-role\/","url":"https:\/\/robotextile.com\/pt-pt\/rtx-role\/","name":"RTX Role - Robotextile","isPartOf":{"@id":"https:\/\/robotextile.com\/#website"},"datePublished":"2025-09-03T15:36:35+00:00","dateModified":"2025-09-12T09:52:29+00:00","breadcrumb":{"@id":"https:\/\/robotextile.com\/pt-pt\/rtx-role\/#breadcrumb"},"inLanguage":"pt-PT","potentialAction":[{"@type":"ReadAction","target":["https:\/\/robotextile.com\/pt-pt\/rtx-role\/"]}]},{"@type":"BreadcrumbList","@id":"https:\/\/robotextile.com\/pt-pt\/rtx-role\/#breadcrumb","itemListElement":[{"@type":"ListItem","position":1,"name":"Startseite","item":"https:\/\/robotextile.com\/"},{"@type":"ListItem","position":2,"name":"RTX Role"}]},{"@type":"WebSite","@id":"https:\/\/robotextile.com\/#website","url":"https:\/\/robotextile.com\/","name":"Robotextile","description":"Textilroboter","publisher":{"@id":"https:\/\/robotextile.com\/#organization"},"potentialAction":[{"@type":"SearchAction","target":{"@type":"EntryPoint","urlTemplate":"https:\/\/robotextile.com\/?s={search_term_string}"},"query-input":{"@type":"PropertyValueSpecification","valueRequired":true,"valueName":"search_term_string"}}],"inLanguage":"pt-PT"},{"@type":"Organization","@id":"https:\/\/robotextile.com\/#organization","name":"Robotextile GmbH","url":"https:\/\/robotextile.com\/","logo":{"@type":"ImageObject","inLanguage":"pt-PT","@id":"https:\/\/robotextile.com\/#\/schema\/logo\/image\/","url":"https:\/\/robotextile.com\/wp-content\/uploads\/2022\/06\/robotextile-logo.png","contentUrl":"https:\/\/robotextile.com\/wp-content\/uploads\/2022\/06\/robotextile-logo.png","width":1048,"height":212,"caption":"Robotextile GmbH"},"image":{"@id":"https:\/\/robotextile.com\/#\/schema\/logo\/image\/"}}]}},"_links":{"self":[{"href":"https:\/\/robotextile.com\/pt-pt\/wp-json\/wp\/v2\/pages\/1386","targetHints":{"allow":["GET"]}}],"collection":[{"href":"https:\/\/robotextile.com\/pt-pt\/wp-json\/wp\/v2\/pages"}],"about":[{"href":"https:\/\/robotextile.com\/pt-pt\/wp-json\/wp\/v2\/types\/page"}],"author":[{"embeddable":true,"href":"https:\/\/robotextile.com\/pt-pt\/wp-json\/wp\/v2\/users\/1"}],"replies":[{"embeddable":true,"href":"https:\/\/robotextile.com\/pt-pt\/wp-json\/wp\/v2\/comments?post=1386"}],"version-history":[{"count":7,"href":"https:\/\/robotextile.com\/pt-pt\/wp-json\/wp\/v2\/pages\/1386\/revisions"}],"predecessor-version":[{"id":1803,"href":"https:\/\/robotextile.com\/pt-pt\/wp-json\/wp\/v2\/pages\/1386\/revisions\/1803"}],"wp:attachment":[{"href":"https:\/\/robotextile.com\/pt-pt\/wp-json\/wp\/v2\/media?parent=1386"}],"curies":[{"name":"wp","href":"https:\/\/api.w.org\/{rel}","templated":true}]}}