{"id":1747,"date":"2025-09-03T18:38:57","date_gmt":"2025-09-03T16:38:57","guid":{"rendered":"https:\/\/robotextile.com\/?page_id=1747"},"modified":"2025-09-12T11:54:44","modified_gmt":"2025-09-12T09:54:44","slug":"rtx-workshops","status":"publish","type":"page","link":"https:\/\/robotextile.com\/tr\/rtx-workshops\/","title":{"rendered":"RTX Workshops"},"content":{"rendered":"<p>[et_pb_section fb_built=&#8221;1&#8243; admin_label=&#8221;Header&#8221; _builder_version=&#8221;4.17.0&#8243; background_enable_color=&#8221;off&#8221; background_color_gradient_direction=&#8221;90deg&#8221; background_color_gradient_start=&#8221;#f7f7f7&#8243; background_color_gradient_end=&#8221;#ffffff&#8221; custom_margin=&#8221;|||||&#8221; custom_padding=&#8221;||0px|||&#8221; background_last_edited=&#8221;on|desktop&#8221; use_background_color_gradient_tablet=&#8221;off&#8221; locked=&#8221;off&#8221; global_colors_info=&#8221;{}&#8221;][et_pb_row column_structure=&#8221;1_2,1_2&#8243; custom_padding_last_edited=&#8221;on|phone&#8221; padding_left_right_link_1=&#8221;false&#8221; _builder_version=&#8221;4.16&#8243; background_enable_image=&#8221;off&#8221; background_size=&#8221;initial&#8221; background_position=&#8221;top_left&#8221; custom_margin=&#8221;||&#8221; custom_padding=&#8221;||0px|20px||&#8221; custom_padding_tablet=&#8221;&#8221; custom_padding_phone=&#8221;|||0px&#8221; global_colors_info=&#8221;{}&#8221;][et_pb_column type=&#8221;1_2&#8243; _builder_version=&#8221;4.16&#8243; background_repeat=&#8221;repeat&#8221; custom_padding=&#8221;|||&#8221; custom_padding_phone=&#8221;|||0px&#8221; custom_padding_last_edited=&#8221;off|phone&#8221; global_colors_info=&#8221;{}&#8221; custom_padding__hover=&#8221;|||&#8221;][et_pb_text _builder_version=&#8221;4.27.4&#8243; text_font=&#8221;||||||||&#8221; text_text_color=&#8221;#000000&#8243; text_font_size=&#8221;20px&#8221; text_line_height=&#8221;1.8em&#8221; header_font=&#8221;Bitter||||||||&#8221; header_text_color=&#8221;#0079c1&#8243; header_font_size=&#8221;48px&#8221; header_line_height=&#8221;1.3em&#8221; custom_margin=&#8221;||60px&#8221; text_font_size_tablet=&#8221;&#8221; text_font_size_phone=&#8221;14px&#8221; text_font_size_last_edited=&#8221;on|desktop&#8221; header_font_size_tablet=&#8221;50px&#8221; header_font_size_phone=&#8221;30px&#8221; header_font_size_last_edited=&#8221;on|phone&#8221; global_colors_info=&#8221;{}&#8221;]<\/p>\n<h1><span style=\"color: #0079c1;\"><em>robotextile<\/em><br \/><\/span><span style=\"color: #000000;\">RTX Workshops<\/span><\/h1>\n<p><\/p>\n<p>M\u00fc\u015fteride ve laboratuvarda gizli yo\u011fun analiz<\/p>\n<p>[\/et_pb_text][\/et_pb_column][et_pb_column type=&#8221;1_2&#8243; _builder_version=&#8221;4.16&#8243; custom_padding=&#8221;|||&#8221; global_colors_info=&#8221;{}&#8221; custom_padding__hover=&#8221;|||&#8221;][et_pb_image src=&#8221;https:\/\/robotextile.com\/wp-content\/uploads\/2025\/09\/rtx-workshops.jpg&#8221; title_text=&#8221;rtx-workshops&#8221; _builder_version=&#8221;4.27.4&#8243; _module_preset=&#8221;default&#8221; hover_enabled=&#8221;0&#8243; global_colors_info=&#8221;{}&#8221; sticky_enabled=&#8221;0&#8243;][\/et_pb_image][\/et_pb_column][\/et_pb_row][\/et_pb_section][et_pb_section fb_built=&#8221;1&#8243; admin_label=&#8221;Header&#8221; _builder_version=&#8221;4.17.0&#8243; background_enable_color=&#8221;off&#8221; background_color_gradient_direction=&#8221;90deg&#8221; background_color_gradient_start=&#8221;#f7f7f7&#8243; background_color_gradient_end=&#8221;#ffffff&#8221; custom_margin=&#8221;|||||&#8221; custom_padding=&#8221;||0px|||&#8221; background_last_edited=&#8221;on|desktop&#8221; use_background_color_gradient_tablet=&#8221;off&#8221; locked=&#8221;off&#8221; global_colors_info=&#8221;{}&#8221;][et_pb_row column_structure=&#8221;1_2,1_2&#8243; custom_padding_last_edited=&#8221;on|phone&#8221; padding_left_right_link_1=&#8221;false&#8221; _builder_version=&#8221;4.16&#8243; background_enable_image=&#8221;off&#8221; background_size=&#8221;initial&#8221; background_position=&#8221;top_left&#8221; custom_margin=&#8221;||&#8221; custom_padding=&#8221;||0px|20px||&#8221; custom_padding_tablet=&#8221;&#8221; custom_padding_phone=&#8221;|||0px&#8221; global_colors_info=&#8221;{}&#8221;][et_pb_column type=&#8221;1_2&#8243; _builder_version=&#8221;4.16&#8243; background_repeat=&#8221;repeat&#8221; custom_padding=&#8221;|||&#8221; custom_padding_phone=&#8221;|||0px&#8221; custom_padding_last_edited=&#8221;off|phone&#8221; global_colors_info=&#8221;{}&#8221; custom_padding__hover=&#8221;|||&#8221;][et_pb_image src=&#8221;https:\/\/robotextile.com\/wp-content\/uploads\/2025\/09\/rtx-workshops-2.jpg&#8221; _builder_version=&#8221;4.27.4&#8243; _module_preset=&#8221;default&#8221; title_text=&#8221;rtx-workshops-2&#8243; hover_enabled=&#8221;0&#8243; sticky_enabled=&#8221;0&#8243;][\/et_pb_image][\/et_pb_column][et_pb_column type=&#8221;1_2&#8243; _builder_version=&#8221;4.16&#8243; background_repeat=&#8221;repeat&#8221; custom_padding=&#8221;|||&#8221; custom_padding_phone=&#8221;|||0px&#8221; custom_padding_last_edited=&#8221;off|phone&#8221; global_colors_info=&#8221;{}&#8221; custom_padding__hover=&#8221;|||&#8221;][et_pb_text _builder_version=&#8221;4.27.4&#8243; text_font=&#8221;||||||||&#8221; text_text_color=&#8221;#000000&#8243; text_font_size=&#8221;20px&#8221; text_line_height=&#8221;1.8em&#8221; header_font=&#8221;Bitter||||||||&#8221; header_text_color=&#8221;#0079c1&#8243; header_font_size=&#8221;60px&#8221; header_line_height=&#8221;1.3em&#8221; custom_margin=&#8221;||60px&#8221; text_font_size_tablet=&#8221;&#8221; text_font_size_phone=&#8221;14px&#8221; text_font_size_last_edited=&#8221;on|desktop&#8221; header_font_size_tablet=&#8221;50px&#8221; header_font_size_phone=&#8221;30px&#8221; header_font_size_last_edited=&#8221;on|phone&#8221; global_colors_info=&#8221;{}&#8221;]<\/p>\n<p>\u015eirketinizde makineleri, s\u00fcre\u00e7leri ve tekstil \u00fcr\u00fcnlerini son derece gizli ve verimli bir \u015fekilde birlikte analiz ediyoruz. B\u00f6ylece otomasyon i\u00e7in en iyi se\u00e7ene\u011fi buluyoruz.<\/p>\n<p>[\/et_pb_text][\/et_pb_column][\/et_pb_row][\/et_pb_section][et_pb_section fb_built=&#8221;1&#8243; fullwidth=&#8221;on&#8221; admin_label=&#8221;Footer&#8221; _builder_version=&#8221;4.16&#8243; width=&#8221;90vw&#8221; width_tablet=&#8221;100%&#8221; width_phone=&#8221;&#8221; width_last_edited=&#8221;on|desktop&#8221; module_alignment=&#8221;right&#8221; locked=&#8221;off&#8221; global_colors_info=&#8221;{}&#8221;][et_pb_fullwidth_header title=&#8221;\u0130leti\u015fim&#8221; text_orientation=&#8221;center&#8221; button_one_text=&#8221;\u0130leti\u015fim&#8221; button_one_url=&#8221;https:\/\/robotextile.com\/tr\/iletisim\/&#8221; _builder_version=&#8221;4.17.0&#8243; title_font=&#8221;Bitter||||||||&#8221; title_font_size=&#8221;42px&#8221; title_line_height=&#8221;1.2em&#8221; content_font=&#8221;||||||||&#8221; content_font_size=&#8221;18px&#8221; content_line_height=&#8221;1.8em&#8221; custom_button_one=&#8221;on&#8221; button_one_text_size=&#8221;14px&#8221; button_one_text_color=&#8221;#2a2a2a&#8221; button_one_bg_color=&#8221;#ffffff&#8221; button_one_border_color=&#8221;rgba(0,0,0,0)&#8221; button_one_border_radius=&#8221;100px&#8221; button_one_letter_spacing=&#8221;2px&#8221; button_one_font=&#8221;Raleway|700||on|||||&#8221; button_one_icon=&#8221;&#x24;||divi||400&#8243; button_one_custom_padding=&#8221;15px|40px|15px|40px|true|true&#8221; custom_button_two=&#8221;on&#8221; button_two_text_size=&#8221;14px&#8221; button_two_text_color=&#8221;#ffffff&#8221; button_two_bg_color=&#8221;rgba(255,255,255,0)&#8221; button_two_border_color=&#8221;#ffffff&#8221; button_two_border_radius=&#8221;100px&#8221; button_two_letter_spacing=&#8221;2px&#8221; button_two_font=&#8221;Raleway|700||on|||||&#8221; button_two_icon=&#8221;&#x24;||divi||400&#8243; button_two_custom_padding=&#8221;15px|40px|15px|40px|true|true&#8221; custom_padding=&#8221;7vw|10vw|7vw||true|&#8221; custom_padding_tablet=&#8221;|0vw||&#8221; custom_padding_phone=&#8221;&#8221; custom_padding_last_edited=&#8221;on|desktop&#8221; title_font_size_tablet=&#8221;32px&#8221; title_font_size_phone=&#8221;26px&#8221; title_font_size_last_edited=&#8221;on|phone&#8221; content_font_size_tablet=&#8221;&#8221; content_font_size_phone=&#8221;14px&#8221; content_font_size_last_edited=&#8221;on|desktop&#8221; custom_css_header_container=&#8221;width: 100%;&#8221; global_colors_info=&#8221;{}&#8221;]\u0130leti\u015fim kurun robotextile ekibi sorular\u0131n\u0131z\u0131 ve isteklerinizi d\u00f6rt g\u00f6zle bekliyor![\/et_pb_fullwidth_header][\/et_pb_section]<\/p>\n","protected":false},"excerpt":{"rendered":"<p>robotextileRTX WorkshopsM\u00fc\u015fteride ve laboratuvarda gizli yo\u011fun analiz\u015eirketinizde makineleri, s\u00fcre\u00e7leri ve tekstil \u00fcr\u00fcnlerini son derece gizli ve verimli bir \u015fekilde birlikte analiz ediyoruz. B\u00f6ylece otomasyon i\u00e7in en iyi se\u00e7ene\u011fi buluyoruz.\u0130leti\u015fim kurun robotextile ekibi sorular\u0131n\u0131z\u0131 ve isteklerinizi d\u00f6rt g\u00f6zle bekliyor!<\/p>\n","protected":false},"author":1,"featured_media":0,"parent":0,"menu_order":0,"comment_status":"closed","ping_status":"closed","template":"","meta":{"_et_pb_use_builder":"on","_et_pb_old_content":"","_et_gb_content_width":"","footnotes":""},"class_list":["post-1747","page","type-page","status-publish","hentry"],"yoast_head":"<!-- This site is optimized with the Yoast SEO plugin v27.1.1 - https:\/\/yoast.com\/product\/yoast-seo-wordpress\/ -->\n<title>RTX Workshops - Robotextile<\/title>\n<meta name=\"robots\" content=\"index, follow, max-snippet:-1, max-image-preview:large, max-video-preview:-1\" \/>\n<link rel=\"canonical\" href=\"https:\/\/robotextile.com\/tr\/rtx-workshops\/\" \/>\n<meta property=\"og:locale\" content=\"tr_TR\" \/>\n<meta property=\"og:type\" content=\"article\" \/>\n<meta property=\"og:title\" content=\"RTX Workshops - Robotextile\" \/>\n<meta property=\"og:description\" content=\"robotextileRTX WorkshopsM\u00fc\u015fteride ve laboratuvarda gizli yo\u011fun analiz\u015eirketinizde makineleri, s\u00fcre\u00e7leri ve tekstil \u00fcr\u00fcnlerini son derece gizli ve verimli bir \u015fekilde birlikte analiz ediyoruz. B\u00f6ylece otomasyon i\u00e7in en iyi se\u00e7ene\u011fi buluyoruz.\u0130leti\u015fim kurun robotextile ekibi sorular\u0131n\u0131z\u0131 ve isteklerinizi d\u00f6rt g\u00f6zle bekliyor!\" \/>\n<meta property=\"og:url\" content=\"https:\/\/robotextile.com\/tr\/rtx-workshops\/\" \/>\n<meta property=\"og:site_name\" content=\"Robotextile\" \/>\n<meta property=\"article:modified_time\" content=\"2025-09-12T09:54:44+00:00\" \/>\n<meta name=\"twitter:card\" content=\"summary_large_image\" \/>\n<meta name=\"twitter:label1\" content=\"Tahmini okuma s\u00fcresi\" \/>\n\t<meta name=\"twitter:data1\" content=\"4 dakika\" \/>\n<script type=\"application\/ld+json\" class=\"yoast-schema-graph\">{\"@context\":\"https:\/\/schema.org\",\"@graph\":[{\"@type\":\"WebPage\",\"@id\":\"https:\/\/robotextile.com\/tr\/rtx-workshops\/\",\"url\":\"https:\/\/robotextile.com\/tr\/rtx-workshops\/\",\"name\":\"RTX Workshops - Robotextile\",\"isPartOf\":{\"@id\":\"https:\/\/robotextile.com\/#website\"},\"datePublished\":\"2025-09-03T16:38:57+00:00\",\"dateModified\":\"2025-09-12T09:54:44+00:00\",\"breadcrumb\":{\"@id\":\"https:\/\/robotextile.com\/tr\/rtx-workshops\/#breadcrumb\"},\"inLanguage\":\"tr\",\"potentialAction\":[{\"@type\":\"ReadAction\",\"target\":[\"https:\/\/robotextile.com\/tr\/rtx-workshops\/\"]}]},{\"@type\":\"BreadcrumbList\",\"@id\":\"https:\/\/robotextile.com\/tr\/rtx-workshops\/#breadcrumb\",\"itemListElement\":[{\"@type\":\"ListItem\",\"position\":1,\"name\":\"Startseite\",\"item\":\"https:\/\/robotextile.com\/\"},{\"@type\":\"ListItem\",\"position\":2,\"name\":\"RTX Workshops\"}]},{\"@type\":\"WebSite\",\"@id\":\"https:\/\/robotextile.com\/#website\",\"url\":\"https:\/\/robotextile.com\/\",\"name\":\"Robotextile\",\"description\":\"Textilroboter\",\"publisher\":{\"@id\":\"https:\/\/robotextile.com\/#organization\"},\"potentialAction\":[{\"@type\":\"SearchAction\",\"target\":{\"@type\":\"EntryPoint\",\"urlTemplate\":\"https:\/\/robotextile.com\/?s={search_term_string}\"},\"query-input\":{\"@type\":\"PropertyValueSpecification\",\"valueRequired\":true,\"valueName\":\"search_term_string\"}}],\"inLanguage\":\"tr\"},{\"@type\":\"Organization\",\"@id\":\"https:\/\/robotextile.com\/#organization\",\"name\":\"Robotextile GmbH\",\"url\":\"https:\/\/robotextile.com\/\",\"logo\":{\"@type\":\"ImageObject\",\"inLanguage\":\"tr\",\"@id\":\"https:\/\/robotextile.com\/#\/schema\/logo\/image\/\",\"url\":\"https:\/\/robotextile.com\/wp-content\/uploads\/2022\/06\/robotextile-logo.png\",\"contentUrl\":\"https:\/\/robotextile.com\/wp-content\/uploads\/2022\/06\/robotextile-logo.png\",\"width\":1048,\"height\":212,\"caption\":\"Robotextile GmbH\"},\"image\":{\"@id\":\"https:\/\/robotextile.com\/#\/schema\/logo\/image\/\"}}]}<\/script>\n<!-- \/ Yoast SEO plugin. -->","yoast_head_json":{"title":"RTX Workshops - Robotextile","robots":{"index":"index","follow":"follow","max-snippet":"max-snippet:-1","max-image-preview":"max-image-preview:large","max-video-preview":"max-video-preview:-1"},"canonical":"https:\/\/robotextile.com\/tr\/rtx-workshops\/","og_locale":"tr_TR","og_type":"article","og_title":"RTX Workshops - Robotextile","og_description":"robotextileRTX WorkshopsM\u00fc\u015fteride ve laboratuvarda gizli yo\u011fun analiz\u015eirketinizde makineleri, s\u00fcre\u00e7leri ve tekstil \u00fcr\u00fcnlerini son derece gizli ve verimli bir \u015fekilde birlikte analiz ediyoruz. B\u00f6ylece otomasyon i\u00e7in en iyi se\u00e7ene\u011fi buluyoruz.\u0130leti\u015fim kurun robotextile ekibi sorular\u0131n\u0131z\u0131 ve isteklerinizi d\u00f6rt g\u00f6zle bekliyor!","og_url":"https:\/\/robotextile.com\/tr\/rtx-workshops\/","og_site_name":"Robotextile","article_modified_time":"2025-09-12T09:54:44+00:00","twitter_card":"summary_large_image","twitter_misc":{"Tahmini okuma s\u00fcresi":"4 dakika"},"schema":{"@context":"https:\/\/schema.org","@graph":[{"@type":"WebPage","@id":"https:\/\/robotextile.com\/tr\/rtx-workshops\/","url":"https:\/\/robotextile.com\/tr\/rtx-workshops\/","name":"RTX Workshops - Robotextile","isPartOf":{"@id":"https:\/\/robotextile.com\/#website"},"datePublished":"2025-09-03T16:38:57+00:00","dateModified":"2025-09-12T09:54:44+00:00","breadcrumb":{"@id":"https:\/\/robotextile.com\/tr\/rtx-workshops\/#breadcrumb"},"inLanguage":"tr","potentialAction":[{"@type":"ReadAction","target":["https:\/\/robotextile.com\/tr\/rtx-workshops\/"]}]},{"@type":"BreadcrumbList","@id":"https:\/\/robotextile.com\/tr\/rtx-workshops\/#breadcrumb","itemListElement":[{"@type":"ListItem","position":1,"name":"Startseite","item":"https:\/\/robotextile.com\/"},{"@type":"ListItem","position":2,"name":"RTX Workshops"}]},{"@type":"WebSite","@id":"https:\/\/robotextile.com\/#website","url":"https:\/\/robotextile.com\/","name":"Robotextile","description":"Textilroboter","publisher":{"@id":"https:\/\/robotextile.com\/#organization"},"potentialAction":[{"@type":"SearchAction","target":{"@type":"EntryPoint","urlTemplate":"https:\/\/robotextile.com\/?s={search_term_string}"},"query-input":{"@type":"PropertyValueSpecification","valueRequired":true,"valueName":"search_term_string"}}],"inLanguage":"tr"},{"@type":"Organization","@id":"https:\/\/robotextile.com\/#organization","name":"Robotextile GmbH","url":"https:\/\/robotextile.com\/","logo":{"@type":"ImageObject","inLanguage":"tr","@id":"https:\/\/robotextile.com\/#\/schema\/logo\/image\/","url":"https:\/\/robotextile.com\/wp-content\/uploads\/2022\/06\/robotextile-logo.png","contentUrl":"https:\/\/robotextile.com\/wp-content\/uploads\/2022\/06\/robotextile-logo.png","width":1048,"height":212,"caption":"Robotextile GmbH"},"image":{"@id":"https:\/\/robotextile.com\/#\/schema\/logo\/image\/"}}]}},"_links":{"self":[{"href":"https:\/\/robotextile.com\/tr\/wp-json\/wp\/v2\/pages\/1747","targetHints":{"allow":["GET"]}}],"collection":[{"href":"https:\/\/robotextile.com\/tr\/wp-json\/wp\/v2\/pages"}],"about":[{"href":"https:\/\/robotextile.com\/tr\/wp-json\/wp\/v2\/types\/page"}],"author":[{"embeddable":true,"href":"https:\/\/robotextile.com\/tr\/wp-json\/wp\/v2\/users\/1"}],"replies":[{"embeddable":true,"href":"https:\/\/robotextile.com\/tr\/wp-json\/wp\/v2\/comments?post=1747"}],"version-history":[{"count":7,"href":"https:\/\/robotextile.com\/tr\/wp-json\/wp\/v2\/pages\/1747\/revisions"}],"predecessor-version":[{"id":1974,"href":"https:\/\/robotextile.com\/tr\/wp-json\/wp\/v2\/pages\/1747\/revisions\/1974"}],"wp:attachment":[{"href":"https:\/\/robotextile.com\/tr\/wp-json\/wp\/v2\/media?parent=1747"}],"curies":[{"name":"wp","href":"https:\/\/api.w.org\/{rel}","templated":true}]}}