{"id":673,"date":"2022-03-01T16:00:16","date_gmt":"2022-03-01T15:00:16","guid":{"rendered":"https:\/\/robotextile.com\/sirket\/"},"modified":"2022-08-04T16:56:51","modified_gmt":"2022-08-04T14:56:51","slug":"sirket","status":"publish","type":"page","link":"https:\/\/robotextile.com\/tr\/sirket\/","title":{"rendered":"\u015eirket"},"content":{"rendered":"<p>[et_pb_section fb_built=&#8221;1&#8243; _builder_version=&#8221;4.16&#8243; _module_preset=&#8221;default&#8221; background_color=&#8221;#FFFFFF&#8221; custom_padding=&#8221;53px||53px|||&#8221; global_colors_info=&#8221;{}&#8221;][et_pb_row _builder_version=&#8221;4.16&#8243; _module_preset=&#8221;default&#8221; custom_padding=&#8221;||3px|||&#8221; global_colors_info=&#8221;{}&#8221;][et_pb_column type=&#8221;4_4&#8243; _builder_version=&#8221;4.16&#8243; _module_preset=&#8221;default&#8221; global_colors_info=&#8221;{}&#8221;][et_pb_text _builder_version=&#8221;4.17.3&#8243; text_font=&#8221;||||||||&#8221; text_text_color=&#8221;#000000&#8243; text_font_size=&#8221;20px&#8221; text_line_height=&#8221;1.8em&#8221; header_font=&#8221;Bitter||||||||&#8221; header_font_size=&#8221;48px&#8221; header_line_height=&#8221;1.3em&#8221; custom_margin=&#8221;||||false|false&#8221; text_font_size_tablet=&#8221;&#8221; text_font_size_phone=&#8221;14px&#8221; text_font_size_last_edited=&#8221;on|desktop&#8221; header_font_size_tablet=&#8221;42px&#8221; header_font_size_phone=&#8221;32px&#8221; header_font_size_last_edited=&#8221;on|phone&#8221; global_colors_info=&#8221;{}&#8221;]<\/p>\n<h1><em><span style=\"color: #0079c1;\">robotextile<\/span><\/em><br \/>\n\u015eirket Profili<\/h1>\n<p><em>robotextile<\/em> \u015firketi, tekstil end\u00fcstrisine \u00e7ok \u00e7e\u015fitli kuma\u015f katmanlar\u0131n\u0131n ayr\u0131lmas\u0131 i\u00e7in i\u015flevsel yeni geli\u015fmeler sa\u011flama g\u00f6revini \u00fcstlenen \u00e7evik bir robotik giri\u015fimidir. Patentli ve yeni test edilmi\u015f komple \u00e7\u00f6z\u00fcmlerle robotextile, tekstil end\u00fcstrisinde daha \u00f6nce manuel olarak ger\u00e7ekle\u015ftirilen ikincil (katma de\u011fersiz) i\u015flemlerin otomatikle\u015ftirilmesi konusunu profesyonelce ele al\u0131r.<\/p>\n<p>Hen\u00fcz 2022&#8217;de kurulan, ancak robotik alan\u0131nda muazzam bir deneyime sahip olan robotextile ekibi, kuma\u015f y\u0131\u011f\u0131n\u0131ndan tek tek kuma\u015f katmanlar\u0131n\u0131 almak i\u00e7in k\u00fc\u00e7\u00fck robotlar ve \u00f6zel tutucular bulunan kullan\u0131ma haz\u0131r sistem \u00e7\u00f6z\u00fcmleri sunar. Her kuma\u015f katman\u0131, alt kuma\u015f katman\u0131 al\u0131nmadan bir sonraki \u00fcretim ad\u0131m\u0131na ayr\u0131 ayr\u0131 beslenir.<\/p>\n<p>\u015eimdiye kadar, s\u00fcre\u00e7 a\u00e7\u0131s\u0131ndan g\u00fcvenilirlik ve maliyet etkinli\u011fi \u00e7o\u011fu zaman ba\u015far\u0131s\u0131z oldu\u011fundan, bu ama\u00e7 i\u00e7in neredeyse hi\u00e7 kar\u015f\u0131la\u015ft\u0131r\u0131labilir bir \u00e7\u00f6z\u00fcm \u00f6rne\u011fi bulunamam\u0131\u015ft\u0131r.[\/et_pb_text][\/et_pb_column][\/et_pb_row][\/et_pb_section][et_pb_section fb_built=&#8221;1&#8243; _builder_version=&#8221;4.17.0&#8243; _module_preset=&#8221;default&#8221; custom_padding=&#8221;0px||1px|||&#8221; global_colors_info=&#8221;{}&#8221;][et_pb_row _builder_version=&#8221;4.17.0&#8243; _module_preset=&#8221;default&#8221; global_colors_info=&#8221;{}&#8221;][et_pb_column type=&#8221;4_4&#8243; _builder_version=&#8221;4.17.0&#8243; _module_preset=&#8221;default&#8221; global_colors_info=&#8221;{}&#8221;][et_pb_image src=&#8221;https:\/\/robotextile.com\/wp-content\/uploads\/2022\/04\/robotextile-gruender-1.jpeg&#8221; alt=&#8221;Die Gr\u00fcnder und Gesch\u00e4ftsf\u00fchrer Michael Fraede und Michael M\u00fcller setzen ihre gesamte Erfahrung und Sorgfalt zur Erf\u00fcllung der Kundenw\u00fcnsche ein.&#8221; title_text=&#8221;robotextile-gruender&#8221; _builder_version=&#8221;4.17.3&#8243; _module_preset=&#8221;default&#8221; global_colors_info=&#8221;{}&#8221;][\/et_pb_image][et_pb_text _builder_version=&#8221;4.17.0&#8243; _module_preset=&#8221;default&#8221; global_colors_info=&#8221;{}&#8221;]<em>robotextile<\/em>&#8216;\u0131n kurucular\u0131 ve genel m\u00fcd\u00fcrleri, sistem ve \u00e7\u00f6z\u00fcm i\u015findeki deneyimlerini bu zorlu\u011fa nas\u0131l odaklayacaklar\u0131n\u0131 bilen Michael Fraede ve Michael M\u00fcller\u2019 dir[\/et_pb_text][\/et_pb_column][\/et_pb_row][\/et_pb_section][et_pb_section fb_built=&#8221;1&#8243; _builder_version=&#8221;4.16&#8243; _module_preset=&#8221;default&#8221; background_color=&#8221;#FFFFFF&#8221; custom_padding=&#8221;0px||53px|||&#8221; global_colors_info=&#8221;{}&#8221;][et_pb_row _builder_version=&#8221;4.16&#8243; _module_preset=&#8221;default&#8221; custom_padding=&#8221;||3px|||&#8221; global_colors_info=&#8221;{}&#8221;][et_pb_column type=&#8221;4_4&#8243; _builder_version=&#8221;4.16&#8243; _module_preset=&#8221;default&#8221; global_colors_info=&#8221;{}&#8221;][et_pb_text _builder_version=&#8221;4.16&#8243; text_font=&#8221;||||||||&#8221; text_text_color=&#8221;#000000&#8243; text_font_size=&#8221;20px&#8221; text_line_height=&#8221;1.8em&#8221; header_font=&#8221;Bitter||||||||&#8221; header_font_size=&#8221;48px&#8221; header_line_height=&#8221;1.3em&#8221; custom_margin=&#8221;||||false|false&#8221; text_font_size_tablet=&#8221;&#8221; text_font_size_phone=&#8221;14px&#8221; text_font_size_last_edited=&#8221;on|desktop&#8221; header_font_size_tablet=&#8221;42px&#8221; header_font_size_phone=&#8221;32px&#8221; header_font_size_last_edited=&#8221;on|phone&#8221; global_colors_info=&#8221;{}&#8221;]<em>robotextile<\/em>&#8216;\u0131n kurucular\u0131 ve genel m\u00fcd\u00fcrleri, sistem ve \u00e7\u00f6z\u00fcm i\u015findeki deneyimlerini bu zorlu\u011fa nas\u0131l odaklayacaklar\u0131n\u0131 bilen Michael Fraede ve Michael M\u00fcller\u2019 dir.<em> robotextile<\/em> \u015firketi, kullan\u0131ma haz\u0131r robot h\u00fccreleri i\u00e7in bir sistem servis sa\u011flay\u0131c\u0131s\u0131d\u0131r:<\/p>\n<ul>\n<li style=\"text-align: left;\">Tekstil makine \u00fcreticileri (diki\u015f makineleri, kesim masalar\u0131, \u00fct\u00fc makineleri, f\u0131r\u0131nlama makineleri, bask\u0131 vb.), \u00f6zel makine \u00fcreticileri ve<\/li>\n<li>Haz\u0131r giyim (giyim, ayakkab\u0131, \u00e7anta), medikal tekstiller, ara\u00e7 tekstilleri ve end\u00fcstriyel tekstiller i\u00e7in tekstil \u00fcreticileri.<\/li>\n<\/ul>\n<p><em>robotextile<\/em> ekibi, tekstil \u00fcyelerine yeni teknolojiler i\u00e7in ilham veren ve onlar\u0131 destekleyen \u00fcniversiteler ve derneklerle d\u00fczenli olarak i\u015fbirli\u011fi i\u00e7indedir.[\/et_pb_text][\/et_pb_column][\/et_pb_row][\/et_pb_section][et_pb_section fb_built=&#8221;1&#8243; admin_label=&#8221;Gallery&#8221; _builder_version=&#8221;4.17.0&#8243; background_enable_image=&#8221;off&#8221; background_size=&#8221;initial&#8221; background_last_edited=&#8221;on|desktop&#8221; background_position_tablet=&#8221;top_center&#8221; global_colors_info=&#8221;{}&#8221;][et_pb_row column_structure=&#8221;1_2,1_2&#8243; custom_padding_last_edited=&#8221;on|desktop&#8221; _builder_version=&#8221;4.16&#8243; background_color=&#8221;#ffffff&#8221; custom_margin=&#8221;|||||false&#8221; custom_padding=&#8221;100px|48px|100px|48px|true|true&#8221; custom_padding_tablet=&#8221;&#8221; custom_padding_phone=&#8221;|30px||30px||true&#8221; box_shadow_style=&#8221;preset1&#8243; box_shadow_vertical=&#8221;24px&#8221; box_shadow_blur=&#8221;100px&#8221; box_shadow_spread=&#8221;-30px&#8221; box_shadow_color=&#8221;rgba(0,0,0,0.24)&#8221; locked=&#8221;off&#8221; global_colors_info=&#8221;{}&#8221;][et_pb_column type=&#8221;1_2&#8243; _builder_version=&#8221;4.16&#8243; custom_padding=&#8221;|||&#8221; global_colors_info=&#8221;{}&#8221; custom_padding__hover=&#8221;|||&#8221;][et_pb_blurb title=&#8221;Vizyon&#8221; use_icon=&#8221;on&#8221; font_icon=&#8221;&#xe01c;||divi||400&#8243; _builder_version=&#8221;4.17.3&#8243; header_font=&#8221;Bitter|700|||||||&#8221; header_text_color=&#8221;#0079c1&#8243; header_font_size=&#8221;20px&#8221; header_line_height=&#8221;1.8em&#8221; body_font=&#8221;||||||||&#8221; body_text_color=&#8221;#000000&#8243; body_font_size=&#8221;20px&#8221; body_line_height=&#8221;1.8em&#8221; text_orientation=&#8221;center&#8221; body_font_size_tablet=&#8221;&#8221; body_font_size_phone=&#8221;14px&#8221; body_font_size_last_edited=&#8221;on|desktop&#8221; locked=&#8221;off&#8221; global_colors_info=&#8221;{}&#8221;]<strong><em>robotextile<\/em>, Avrupa\u2019 da tekstil \u00fcretiminin daha ekonomik hale gelmesine yard\u0131mc\u0131 olur. Yeniden destek ile \u00e7evreye fayda sa\u011flar, fazla kapasiteyi \u00f6nler, \u00fcretim ve istihdam yoluyla ekonominizi g\u00fc\u00e7lendirir ve bu etik a\u00e7\u0131dan adil ko\u015fullarda ger\u00e7ekle\u015fir.<\/strong>[\/et_pb_blurb][\/et_pb_column][et_pb_column type=&#8221;1_2&#8243; _builder_version=&#8221;4.16&#8243; custom_padding=&#8221;|||&#8221; global_colors_info=&#8221;{}&#8221; custom_padding__hover=&#8221;|||&#8221;][et_pb_blurb title=&#8221;Misyon&#8221; use_icon=&#8221;on&#8221; font_icon=&#8221;&#xe0f0;||divi||400&#8243; _builder_version=&#8221;4.17.3&#8243; header_font=&#8221;Bitter|700|||||||&#8221; header_text_color=&#8221;#0079c1&#8243; header_font_size=&#8221;20px&#8221; header_line_height=&#8221;1.8em&#8221; body_font=&#8221;||||||||&#8221; body_text_color=&#8221;#000000&#8243; body_font_size=&#8221;20px&#8221; body_line_height=&#8221;1.8em&#8221; text_orientation=&#8221;center&#8221; body_font_size_tablet=&#8221;&#8221; body_font_size_phone=&#8221;14px&#8221; body_font_size_last_edited=&#8221;on|desktop&#8221; global_colors_info=&#8221;{}&#8221;]<strong><em>robotextile<\/em> yan s\u00fcre\u00e7leri ekonomik ve sa\u011flam bir \u015fekilde otomatikle\u015ftirmeye yard\u0131mc\u0131 olur. \u0130nsanlar katma de\u011ferli \u00fcretim ad\u0131mlar\u0131na daha fazla y\u00f6nelmeli, s\u00fcre\u00e7te esneklik ve \u00f6\u011frenme yeteneklerinin g\u00fc\u00e7l\u00fc y\u00f6nlerini g\u00f6stermelidir.<\/strong>[\/et_pb_blurb][\/et_pb_column][\/et_pb_row][\/et_pb_section][et_pb_section fb_built=&#8221;1&#8243; fullwidth=&#8221;on&#8221; admin_label=&#8221;Footer&#8221; _builder_version=&#8221;4.16&#8243; width=&#8221;90vw&#8221; width_tablet=&#8221;100%&#8221; width_phone=&#8221;&#8221; width_last_edited=&#8221;on|desktop&#8221; module_alignment=&#8221;right&#8221; locked=&#8221;off&#8221; global_colors_info=&#8221;{}&#8221;][et_pb_fullwidth_header title=&#8221;\u0130leti\u015fim&#8221; text_orientation=&#8221;center&#8221; button_one_text=&#8221;\u0130leti\u015fim&#8221; button_one_url=&#8221;https:\/\/robotextile.com\/tr\/iletisim\/&#8221; _builder_version=&#8221;4.17.0&#8243; title_font=&#8221;Bitter||||||||&#8221; title_font_size=&#8221;42px&#8221; title_line_height=&#8221;1.2em&#8221; content_font=&#8221;||||||||&#8221; content_font_size=&#8221;18px&#8221; content_line_height=&#8221;1.8em&#8221; custom_button_one=&#8221;on&#8221; button_one_text_size=&#8221;14px&#8221; button_one_text_color=&#8221;#2a2a2a&#8221; button_one_bg_color=&#8221;#ffffff&#8221; button_one_border_color=&#8221;rgba(0,0,0,0)&#8221; button_one_border_radius=&#8221;100px&#8221; button_one_letter_spacing=&#8221;2px&#8221; button_one_font=&#8221;Raleway|700||on|||||&#8221; button_one_icon=&#8221;&#x24;||divi||400&#8243; button_one_custom_padding=&#8221;15px|40px|15px|40px|true|true&#8221; custom_button_two=&#8221;on&#8221; button_two_text_size=&#8221;14px&#8221; button_two_text_color=&#8221;#ffffff&#8221; button_two_bg_color=&#8221;rgba(255,255,255,0)&#8221; button_two_border_color=&#8221;#ffffff&#8221; button_two_border_radius=&#8221;100px&#8221; button_two_letter_spacing=&#8221;2px&#8221; button_two_font=&#8221;Raleway|700||on|||||&#8221; button_two_icon=&#8221;&#x24;||divi||400&#8243; button_two_custom_padding=&#8221;15px|40px|15px|40px|true|true&#8221; custom_padding=&#8221;7vw|10vw|7vw||true|&#8221; custom_padding_tablet=&#8221;|0vw||&#8221; custom_padding_phone=&#8221;&#8221; custom_padding_last_edited=&#8221;on|desktop&#8221; title_font_size_tablet=&#8221;32px&#8221; title_font_size_phone=&#8221;26px&#8221; title_font_size_last_edited=&#8221;on|phone&#8221; content_font_size_tablet=&#8221;&#8221; content_font_size_phone=&#8221;14px&#8221; content_font_size_last_edited=&#8221;on|desktop&#8221; custom_css_header_container=&#8221;width: 100%;&#8221; global_colors_info=&#8221;{}&#8221;]\u0130leti\u015fim kurun <em>robotextile<\/em> ekibi sorular\u0131n\u0131z\u0131 ve isteklerinizi d\u00f6rt g\u00f6zle bekliyor![\/et_pb_fullwidth_header][\/et_pb_section]<\/p>\n","protected":false},"excerpt":{"rendered":"<p>robotextile \u015eirket Profili robotextile \u015firketi, tekstil end\u00fcstrisine \u00e7ok \u00e7e\u015fitli kuma\u015f katmanlar\u0131n\u0131n ayr\u0131lmas\u0131 i\u00e7in i\u015flevsel yeni geli\u015fmeler sa\u011flama g\u00f6revini \u00fcstlenen \u00e7evik bir robotik giri\u015fimidir. Patentli ve yeni test edilmi\u015f komple \u00e7\u00f6z\u00fcmlerle robotextile, tekstil end\u00fcstrisinde daha \u00f6nce manuel olarak ger\u00e7ekle\u015ftirilen ikincil (katma de\u011fersiz) i\u015flemlerin otomatikle\u015ftirilmesi konusunu profesyonelce ele al\u0131r. Hen\u00fcz 2022&#8217;de kurulan, ancak robotik alan\u0131nda muazzam bir [&hellip;]<\/p>\n","protected":false},"author":1,"featured_media":0,"parent":0,"menu_order":0,"comment_status":"closed","ping_status":"open","template":"","meta":{"_et_pb_use_builder":"on","_et_pb_old_content":"","_et_gb_content_width":"","footnotes":""},"class_list":["post-673","page","type-page","status-publish","hentry"],"yoast_head":"<!-- This site is optimized with the Yoast SEO plugin v27.4 - https:\/\/yoast.com\/product\/yoast-seo-wordpress\/ -->\n<title>\u015eirket - Robotextile<\/title>\n<meta name=\"robots\" content=\"index, follow, max-snippet:-1, max-image-preview:large, max-video-preview:-1\" \/>\n<link rel=\"canonical\" href=\"https:\/\/robotextile.com\/unternehmensprofil\/\" \/>\n<meta property=\"og:locale\" content=\"tr_TR\" \/>\n<meta property=\"og:type\" content=\"article\" \/>\n<meta property=\"og:title\" content=\"\u015eirket - Robotextile\" \/>\n<meta property=\"og:description\" content=\"robotextile \u015eirket Profili robotextile \u015firketi, tekstil end\u00fcstrisine \u00e7ok \u00e7e\u015fitli kuma\u015f katmanlar\u0131n\u0131n ayr\u0131lmas\u0131 i\u00e7in i\u015flevsel yeni geli\u015fmeler sa\u011flama g\u00f6revini \u00fcstlenen \u00e7evik bir robotik giri\u015fimidir. Patentli ve yeni test edilmi\u015f komple \u00e7\u00f6z\u00fcmlerle robotextile, tekstil end\u00fcstrisinde daha \u00f6nce manuel olarak ger\u00e7ekle\u015ftirilen ikincil (katma de\u011fersiz) i\u015flemlerin otomatikle\u015ftirilmesi konusunu profesyonelce ele al\u0131r. Hen\u00fcz 2022&#039;de kurulan, ancak robotik alan\u0131nda muazzam bir [&hellip;]\" \/>\n<meta property=\"og:url\" content=\"https:\/\/robotextile.com\/unternehmensprofil\/\" \/>\n<meta property=\"og:site_name\" content=\"Robotextile\" \/>\n<meta property=\"article:modified_time\" content=\"2022-08-04T14:56:51+00:00\" \/>\n<meta name=\"twitter:card\" content=\"summary_large_image\" \/>\n<meta name=\"twitter:label1\" content=\"Tahmini okuma s\u00fcresi\" \/>\n\t<meta name=\"twitter:data1\" content=\"6 dakika\" \/>\n<script type=\"application\/ld+json\" class=\"yoast-schema-graph\">{\"@context\":\"https:\\\/\\\/schema.org\",\"@graph\":[{\"@type\":\"WebPage\",\"@id\":\"https:\\\/\\\/robotextile.com\\\/unternehmensprofil\\\/\",\"url\":\"https:\\\/\\\/robotextile.com\\\/unternehmensprofil\\\/\",\"name\":\"\u015eirket - Robotextile\",\"isPartOf\":{\"@id\":\"https:\\\/\\\/robotextile.com\\\/#website\"},\"datePublished\":\"2022-03-01T15:00:16+00:00\",\"dateModified\":\"2022-08-04T14:56:51+00:00\",\"breadcrumb\":{\"@id\":\"https:\\\/\\\/robotextile.com\\\/unternehmensprofil\\\/#breadcrumb\"},\"inLanguage\":\"tr\",\"potentialAction\":[{\"@type\":\"ReadAction\",\"target\":[\"https:\\\/\\\/robotextile.com\\\/unternehmensprofil\\\/\"]}]},{\"@type\":\"BreadcrumbList\",\"@id\":\"https:\\\/\\\/robotextile.com\\\/unternehmensprofil\\\/#breadcrumb\",\"itemListElement\":[{\"@type\":\"ListItem\",\"position\":1,\"name\":\"Startseite\",\"item\":\"https:\\\/\\\/robotextile.com\\\/\"},{\"@type\":\"ListItem\",\"position\":2,\"name\":\"\u015eirket\"}]},{\"@type\":\"WebSite\",\"@id\":\"https:\\\/\\\/robotextile.com\\\/#website\",\"url\":\"https:\\\/\\\/robotextile.com\\\/\",\"name\":\"Robotextile\",\"description\":\"Textilroboter\",\"publisher\":{\"@id\":\"https:\\\/\\\/robotextile.com\\\/#organization\"},\"potentialAction\":[{\"@type\":\"SearchAction\",\"target\":{\"@type\":\"EntryPoint\",\"urlTemplate\":\"https:\\\/\\\/robotextile.com\\\/?s={search_term_string}\"},\"query-input\":{\"@type\":\"PropertyValueSpecification\",\"valueRequired\":true,\"valueName\":\"search_term_string\"}}],\"inLanguage\":\"tr\"},{\"@type\":\"Organization\",\"@id\":\"https:\\\/\\\/robotextile.com\\\/#organization\",\"name\":\"Robotextile GmbH\",\"url\":\"https:\\\/\\\/robotextile.com\\\/\",\"logo\":{\"@type\":\"ImageObject\",\"inLanguage\":\"tr\",\"@id\":\"https:\\\/\\\/robotextile.com\\\/#\\\/schema\\\/logo\\\/image\\\/\",\"url\":\"https:\\\/\\\/robotextile.com\\\/wp-content\\\/uploads\\\/2022\\\/06\\\/robotextile-logo.png\",\"contentUrl\":\"https:\\\/\\\/robotextile.com\\\/wp-content\\\/uploads\\\/2022\\\/06\\\/robotextile-logo.png\",\"width\":1048,\"height\":212,\"caption\":\"Robotextile GmbH\"},\"image\":{\"@id\":\"https:\\\/\\\/robotextile.com\\\/#\\\/schema\\\/logo\\\/image\\\/\"}}]}<\/script>\n<!-- \/ Yoast SEO plugin. -->","yoast_head_json":{"title":"\u015eirket - Robotextile","robots":{"index":"index","follow":"follow","max-snippet":"max-snippet:-1","max-image-preview":"max-image-preview:large","max-video-preview":"max-video-preview:-1"},"canonical":"https:\/\/robotextile.com\/unternehmensprofil\/","og_locale":"tr_TR","og_type":"article","og_title":"\u015eirket - Robotextile","og_description":"robotextile \u015eirket Profili robotextile \u015firketi, tekstil end\u00fcstrisine \u00e7ok \u00e7e\u015fitli kuma\u015f katmanlar\u0131n\u0131n ayr\u0131lmas\u0131 i\u00e7in i\u015flevsel yeni geli\u015fmeler sa\u011flama g\u00f6revini \u00fcstlenen \u00e7evik bir robotik giri\u015fimidir. Patentli ve yeni test edilmi\u015f komple \u00e7\u00f6z\u00fcmlerle robotextile, tekstil end\u00fcstrisinde daha \u00f6nce manuel olarak ger\u00e7ekle\u015ftirilen ikincil (katma de\u011fersiz) i\u015flemlerin otomatikle\u015ftirilmesi konusunu profesyonelce ele al\u0131r. Hen\u00fcz 2022'de kurulan, ancak robotik alan\u0131nda muazzam bir [&hellip;]","og_url":"https:\/\/robotextile.com\/unternehmensprofil\/","og_site_name":"Robotextile","article_modified_time":"2022-08-04T14:56:51+00:00","twitter_card":"summary_large_image","twitter_misc":{"Tahmini okuma s\u00fcresi":"6 dakika"},"schema":{"@context":"https:\/\/schema.org","@graph":[{"@type":"WebPage","@id":"https:\/\/robotextile.com\/unternehmensprofil\/","url":"https:\/\/robotextile.com\/unternehmensprofil\/","name":"\u015eirket - Robotextile","isPartOf":{"@id":"https:\/\/robotextile.com\/#website"},"datePublished":"2022-03-01T15:00:16+00:00","dateModified":"2022-08-04T14:56:51+00:00","breadcrumb":{"@id":"https:\/\/robotextile.com\/unternehmensprofil\/#breadcrumb"},"inLanguage":"tr","potentialAction":[{"@type":"ReadAction","target":["https:\/\/robotextile.com\/unternehmensprofil\/"]}]},{"@type":"BreadcrumbList","@id":"https:\/\/robotextile.com\/unternehmensprofil\/#breadcrumb","itemListElement":[{"@type":"ListItem","position":1,"name":"Startseite","item":"https:\/\/robotextile.com\/"},{"@type":"ListItem","position":2,"name":"\u015eirket"}]},{"@type":"WebSite","@id":"https:\/\/robotextile.com\/#website","url":"https:\/\/robotextile.com\/","name":"Robotextile","description":"Textilroboter","publisher":{"@id":"https:\/\/robotextile.com\/#organization"},"potentialAction":[{"@type":"SearchAction","target":{"@type":"EntryPoint","urlTemplate":"https:\/\/robotextile.com\/?s={search_term_string}"},"query-input":{"@type":"PropertyValueSpecification","valueRequired":true,"valueName":"search_term_string"}}],"inLanguage":"tr"},{"@type":"Organization","@id":"https:\/\/robotextile.com\/#organization","name":"Robotextile GmbH","url":"https:\/\/robotextile.com\/","logo":{"@type":"ImageObject","inLanguage":"tr","@id":"https:\/\/robotextile.com\/#\/schema\/logo\/image\/","url":"https:\/\/robotextile.com\/wp-content\/uploads\/2022\/06\/robotextile-logo.png","contentUrl":"https:\/\/robotextile.com\/wp-content\/uploads\/2022\/06\/robotextile-logo.png","width":1048,"height":212,"caption":"Robotextile GmbH"},"image":{"@id":"https:\/\/robotextile.com\/#\/schema\/logo\/image\/"}}]}},"_links":{"self":[{"href":"https:\/\/robotextile.com\/tr\/wp-json\/wp\/v2\/pages\/673","targetHints":{"allow":["GET"]}}],"collection":[{"href":"https:\/\/robotextile.com\/tr\/wp-json\/wp\/v2\/pages"}],"about":[{"href":"https:\/\/robotextile.com\/tr\/wp-json\/wp\/v2\/types\/page"}],"author":[{"embeddable":true,"href":"https:\/\/robotextile.com\/tr\/wp-json\/wp\/v2\/users\/1"}],"replies":[{"embeddable":true,"href":"https:\/\/robotextile.com\/tr\/wp-json\/wp\/v2\/comments?post=673"}],"version-history":[{"count":8,"href":"https:\/\/robotextile.com\/tr\/wp-json\/wp\/v2\/pages\/673\/revisions"}],"predecessor-version":[{"id":711,"href":"https:\/\/robotextile.com\/tr\/wp-json\/wp\/v2\/pages\/673\/revisions\/711"}],"wp:attachment":[{"href":"https:\/\/robotextile.com\/tr\/wp-json\/wp\/v2\/media?parent=673"}],"curies":[{"name":"wp","href":"https:\/\/api.w.org\/{rel}","templated":true}]}}